{"id":683,"date":"2026-04-14T11:29:19","date_gmt":"2026-04-14T09:29:19","guid":{"rendered":"https:\/\/thenaat.pl\/?post_type=product&#038;p=683"},"modified":"2026-04-14T11:45:42","modified_gmt":"2026-04-14T09:45:42","slug":"piwonia-w-pudeleczku","status":"publish","type":"product","link":"https:\/\/thenaat.pl\/index.php\/produkt\/piwonia-w-pudeleczku\/","title":{"rendered":"Piwonia w pude\u0142eczku"},"content":{"rendered":"<h3>Dlaczego wosk sojowy?<\/h3>\n<p>\u2022 jest naturalny i ekologiczny,<br \/>\n\u2022 biodegradowalny i przyjazny dla \u015brodowiska,<br \/>\n\u2022 nie zawiera toksyn,<br \/>\n\u2022 pali si\u0119 czysto i wolniej ni\u017c parafina.<\/p>\n<p>&nbsp;<\/p>\n<p><strong>Dane \u015bwiecy:<\/strong><\/p>\n<p>\u2022 <strong>materia\u0142<\/strong>: wosk sojowy<br \/>\n\u2022 <strong>waga<\/strong>: 68g<br \/>\n\u2022 <strong>wymiary<\/strong>:13cm x 11cm<br \/>\n\u2022 <strong>rodzaj<\/strong>: \u015bwieca wolnostoj\u0105ca( dekoracyjna)<\/p>\n","protected":false},"excerpt":{"rendered":"<p>Piwonia wykonana z wosku sojowego, zapakowana od razu na gotowy prezent. To drobny, ale bardzo symboliczny upominek, kt\u00f3ry pi\u0119knie podkre\u015bli wyj\u0105tkowe chwile.<\/p>\n<p>Idealnie sprawdzi si\u0119 na takie okazje jak CHRZEST, KOMUNIA, BABY SHOWER, ROCZEK, WESELE czy jako delikatna pami\u0105tka wr\u0119czana od serca.<\/p>\n<p>&nbsp;<\/p>\n<p><strong data-start=\"1137\" data-end=\"1261\"><img decoding=\"async\" class=\"emoji\" role=\"img\" draggable=\"false\" src=\"https:\/\/s.w.org\/images\/core\/emoji\/17.0.2\/svg\/1f4e6.svg\" alt=\"\ud83d\udce6\" \/> Dla zam\u00f3wie\u0144 powy\u017cej 50 sztuk obowi\u0105zuje indywidualna wycena \u2013 skontaktuj si\u0119 z Nami (<a href=\"mailto:kontakt@thenaat.pl\">kontakt@thenaat.pl<\/a>) a przygotujemy specjaln\u0105 ofert\u0119!<\/strong><\/p>\n<p><strong>Uwaga<\/strong>! \u015awieca pakowana jest w pude\u0142eczko widoczne na zdj\u0119ciu. Prosz\u0119 nie sugerowa\u0107 si\u0119 wyborem opakowania w personalizacji \u201etiul lub celofan\u201d.<\/p>\n","protected":false},"featured_media":684,"template":"","meta":{"site-sidebar-layout":"default","site-content-layout":"","ast-site-content-layout":"default","site-content-style":"default","site-sidebar-style":"default","ast-global-header-display":"","ast-banner-title-visibility":"","ast-main-header-display":"","ast-hfb-above-header-display":"","ast-hfb-below-header-display":"","ast-hfb-mobile-header-display":"","site-post-title":"","ast-breadcrumbs-content":"","ast-featured-img":"","footer-sml-layout":"","ast-disable-related-posts":"","theme-transparent-header-meta":"default","adv-header-id-meta":"","stick-header-meta":"","header-above-stick-meta":"","header-main-stick-meta":"","header-below-stick-meta":"","astra-migrate-meta-layouts":"set","ast-page-background-enabled":"default","ast-page-background-meta":{"desktop":{"background-color":"var(--ast-global-color-5)","background-image":"","background-repeat":"repeat","background-position":"center center","background-size":"auto","background-attachment":"scroll","background-type":"","background-media":"","overlay-type":"","overlay-color":"","overlay-opacity":"","overlay-gradient":""},"tablet":{"background-color":"","background-image":"","background-repeat":"repeat","background-position":"center center","background-size":"auto","background-attachment":"scroll","background-type":"","background-media":"","overlay-type":"","overlay-color":"","overlay-opacity":"","overlay-gradient":""},"mobile":{"background-color":"","background-image":"","background-repeat":"repeat","background-position":"center center","background-size":"auto","background-attachment":"scroll","background-type":"","background-media":"","overlay-type":"","overlay-color":"","overlay-opacity":"","overlay-gradient":""}},"ast-content-background-meta":{"desktop":{"background-color":"var(--ast-global-color-4)","background-image":"","background-repeat":"repeat","background-position":"center center","background-size":"auto","background-attachment":"scroll","background-type":"","background-media":"","overlay-type":"","overlay-color":"","overlay-opacity":"","overlay-gradient":""},"tablet":{"background-color":"var(--ast-global-color-4)","background-image":"","background-repeat":"repeat","background-position":"center center","background-size":"auto","background-attachment":"scroll","background-type":"","background-media":"","overlay-type":"","overlay-color":"","overlay-opacity":"","overlay-gradient":""},"mobile":{"background-color":"var(--ast-global-color-4)","background-image":"","background-repeat":"repeat","background-position":"center center","background-size":"auto","background-attachment":"scroll","background-type":"","background-media":"","overlay-type":"","overlay-color":"","overlay-opacity":"","overlay-gradient":""}}},"product_brand":[],"product_cat":[23],"product_tag":[],"class_list":{"0":"post-683","1":"product","2":"type-product","3":"status-publish","4":"has-post-thumbnail","6":"product_cat-podziekowania-dla-gosci","7":"desktop-align-left","8":"tablet-align-left","9":"mobile-align-left","11":"first","12":"instock","13":"shipping-taxable","14":"purchasable","15":"product-type-simple"},"yoast_head":"<!-- This site is optimized with the Yoast SEO plugin v27.1.1 - https:\/\/yoast.com\/product\/yoast-seo-wordpress\/ -->\n<title>Piwonia w pude\u0142eczku - The Naat<\/title>\n<meta name=\"robots\" content=\"index, follow, max-snippet:-1, max-image-preview:large, max-video-preview:-1\" \/>\n<link rel=\"canonical\" href=\"https:\/\/thenaat.pl\/index.php\/produkt\/piwonia-w-pudeleczku\/\" \/>\n<meta property=\"og:locale\" content=\"pl_PL\" \/>\n<meta property=\"og:type\" content=\"article\" \/>\n<meta property=\"og:title\" content=\"Piwonia w pude\u0142eczku - The Naat\" \/>\n<meta property=\"og:description\" content=\"Piwonia wykonana z wosku sojowego, zapakowana od razu na gotowy prezent. To drobny, ale bardzo symboliczny upominek, kt\u00f3ry pi\u0119knie podkre\u015bli wyj\u0105tkowe chwile.  Idealnie sprawdzi si\u0119 na takie okazje jak CHRZEST, KOMUNIA, BABY SHOWER, ROCZEK, WESELE czy jako delikatna pami\u0105tka wr\u0119czana od serca.  &nbsp;   Dla zam\u00f3wie\u0144 powy\u017cej 50 sztuk obowi\u0105zuje indywidualna wycena \u2013 skontaktuj si\u0119 z Nami (kontakt@thenaat.pl) a przygotujemy specjaln\u0105 ofert\u0119!  Uwaga! \u015awieca pakowana jest w pude\u0142eczko widoczne na zdj\u0119ciu. Prosz\u0119 nie sugerowa\u0107 si\u0119 wyborem opakowania w personalizacji \u201etiul lub celofan\u201d.\" \/>\n<meta property=\"og:url\" content=\"https:\/\/thenaat.pl\/index.php\/produkt\/piwonia-w-pudeleczku\/\" \/>\n<meta property=\"og:site_name\" content=\"The Naat\" \/>\n<meta property=\"article:publisher\" content=\"https:\/\/www.facebook.com\/profile.php?id=61556658761413\" \/>\n<meta property=\"article:modified_time\" content=\"2026-04-14T09:45:42+00:00\" \/>\n<meta property=\"og:image\" content=\"https:\/\/thenaat.pl\/wp-content\/uploads\/2026\/04\/IMG_4981-scaled.jpeg\" \/>\n\t<meta property=\"og:image:width\" content=\"1440\" \/>\n\t<meta property=\"og:image:height\" content=\"2560\" \/>\n\t<meta property=\"og:image:type\" content=\"image\/jpeg\" \/>\n<meta name=\"twitter:card\" content=\"summary_large_image\" \/>\n<meta name=\"twitter:label1\" content=\"Szacowany czas czytania\" \/>\n\t<meta name=\"twitter:data1\" content=\"1 minuta\" \/>\n<script type=\"application\/ld+json\" class=\"yoast-schema-graph\">{\"@context\":\"https:\/\/schema.org\",\"@graph\":[{\"@type\":\"WebPage\",\"@id\":\"https:\/\/thenaat.pl\/index.php\/produkt\/piwonia-w-pudeleczku\/\",\"url\":\"https:\/\/thenaat.pl\/index.php\/produkt\/piwonia-w-pudeleczku\/\",\"name\":\"Piwonia w pude\u0142eczku - The Naat\",\"isPartOf\":{\"@id\":\"https:\/\/thenaat.pl\/#website\"},\"primaryImageOfPage\":{\"@id\":\"https:\/\/thenaat.pl\/index.php\/produkt\/piwonia-w-pudeleczku\/#primaryimage\"},\"image\":{\"@id\":\"https:\/\/thenaat.pl\/index.php\/produkt\/piwonia-w-pudeleczku\/#primaryimage\"},\"thumbnailUrl\":\"https:\/\/thenaat.pl\/wp-content\/uploads\/2026\/04\/IMG_4981-scaled.jpeg\",\"datePublished\":\"2026-04-14T09:29:19+00:00\",\"dateModified\":\"2026-04-14T09:45:42+00:00\",\"breadcrumb\":{\"@id\":\"https:\/\/thenaat.pl\/index.php\/produkt\/piwonia-w-pudeleczku\/#breadcrumb\"},\"inLanguage\":\"pl-PL\",\"potentialAction\":[{\"@type\":\"ReadAction\",\"target\":[\"https:\/\/thenaat.pl\/index.php\/produkt\/piwonia-w-pudeleczku\/\"]}]},{\"@type\":\"ImageObject\",\"inLanguage\":\"pl-PL\",\"@id\":\"https:\/\/thenaat.pl\/index.php\/produkt\/piwonia-w-pudeleczku\/#primaryimage\",\"url\":\"https:\/\/thenaat.pl\/wp-content\/uploads\/2026\/04\/IMG_4981-scaled.jpeg\",\"contentUrl\":\"https:\/\/thenaat.pl\/wp-content\/uploads\/2026\/04\/IMG_4981-scaled.jpeg\",\"width\":1440,\"height\":2560},{\"@type\":\"BreadcrumbList\",\"@id\":\"https:\/\/thenaat.pl\/index.php\/produkt\/piwonia-w-pudeleczku\/#breadcrumb\",\"itemListElement\":[{\"@type\":\"ListItem\",\"position\":1,\"name\":\"Strona g\u0142\u00f3wna\",\"item\":\"https:\/\/thenaat.pl\/\"},{\"@type\":\"ListItem\",\"position\":2,\"name\":\"Sklep\",\"item\":\"https:\/\/thenaat.pl\/index.php\/sklep\/\"},{\"@type\":\"ListItem\",\"position\":3,\"name\":\"Piwonia w pude\u0142eczku\"}]},{\"@type\":\"WebSite\",\"@id\":\"https:\/\/thenaat.pl\/#website\",\"url\":\"https:\/\/thenaat.pl\/\",\"name\":\"The Naat\",\"description\":\"\",\"publisher\":{\"@id\":\"https:\/\/thenaat.pl\/#organization\"},\"potentialAction\":[{\"@type\":\"SearchAction\",\"target\":{\"@type\":\"EntryPoint\",\"urlTemplate\":\"https:\/\/thenaat.pl\/?s={search_term_string}\"},\"query-input\":{\"@type\":\"PropertyValueSpecification\",\"valueRequired\":true,\"valueName\":\"search_term_string\"}}],\"inLanguage\":\"pl-PL\"},{\"@type\":\"Organization\",\"@id\":\"https:\/\/thenaat.pl\/#organization\",\"name\":\"The Naat\",\"url\":\"https:\/\/thenaat.pl\/\",\"logo\":{\"@type\":\"ImageObject\",\"inLanguage\":\"pl-PL\",\"@id\":\"https:\/\/thenaat.pl\/#\/schema\/logo\/image\/\",\"url\":\"https:\/\/thenaat.pl\/wp-content\/uploads\/2025\/12\/cropped-Dodaj-naglowek.pdf_pages-to-jpg-0001-1-1.jpg\",\"contentUrl\":\"https:\/\/thenaat.pl\/wp-content\/uploads\/2025\/12\/cropped-Dodaj-naglowek.pdf_pages-to-jpg-0001-1-1.jpg\",\"width\":296,\"height\":99,\"caption\":\"The Naat\"},\"image\":{\"@id\":\"https:\/\/thenaat.pl\/#\/schema\/logo\/image\/\"},\"sameAs\":[\"https:\/\/www.facebook.com\/profile.php?id=61556658761413\",\"https:\/\/www.instagram.com\/the__naat\/\"]}]}<\/script>\n<!-- \/ Yoast SEO plugin. -->","yoast_head_json":{"title":"Piwonia w pude\u0142eczku - The Naat","robots":{"index":"index","follow":"follow","max-snippet":"max-snippet:-1","max-image-preview":"max-image-preview:large","max-video-preview":"max-video-preview:-1"},"canonical":"https:\/\/thenaat.pl\/index.php\/produkt\/piwonia-w-pudeleczku\/","og_locale":"pl_PL","og_type":"article","og_title":"Piwonia w pude\u0142eczku - The Naat","og_description":"Piwonia wykonana z wosku sojowego, zapakowana od razu na gotowy prezent. To drobny, ale bardzo symboliczny upominek, kt\u00f3ry pi\u0119knie podkre\u015bli wyj\u0105tkowe chwile.  Idealnie sprawdzi si\u0119 na takie okazje jak CHRZEST, KOMUNIA, BABY SHOWER, ROCZEK, WESELE czy jako delikatna pami\u0105tka wr\u0119czana od serca.  &nbsp;   Dla zam\u00f3wie\u0144 powy\u017cej 50 sztuk obowi\u0105zuje indywidualna wycena \u2013 skontaktuj si\u0119 z Nami (kontakt@thenaat.pl) a przygotujemy specjaln\u0105 ofert\u0119!  Uwaga! \u015awieca pakowana jest w pude\u0142eczko widoczne na zdj\u0119ciu. Prosz\u0119 nie sugerowa\u0107 si\u0119 wyborem opakowania w personalizacji \u201etiul lub celofan\u201d.","og_url":"https:\/\/thenaat.pl\/index.php\/produkt\/piwonia-w-pudeleczku\/","og_site_name":"The Naat","article_publisher":"https:\/\/www.facebook.com\/profile.php?id=61556658761413","article_modified_time":"2026-04-14T09:45:42+00:00","og_image":[{"width":1440,"height":2560,"url":"https:\/\/thenaat.pl\/wp-content\/uploads\/2026\/04\/IMG_4981-scaled.jpeg","type":"image\/jpeg"}],"twitter_card":"summary_large_image","twitter_misc":{"Szacowany czas czytania":"1 minuta"},"schema":{"@context":"https:\/\/schema.org","@graph":[{"@type":"WebPage","@id":"https:\/\/thenaat.pl\/index.php\/produkt\/piwonia-w-pudeleczku\/","url":"https:\/\/thenaat.pl\/index.php\/produkt\/piwonia-w-pudeleczku\/","name":"Piwonia w pude\u0142eczku - The Naat","isPartOf":{"@id":"https:\/\/thenaat.pl\/#website"},"primaryImageOfPage":{"@id":"https:\/\/thenaat.pl\/index.php\/produkt\/piwonia-w-pudeleczku\/#primaryimage"},"image":{"@id":"https:\/\/thenaat.pl\/index.php\/produkt\/piwonia-w-pudeleczku\/#primaryimage"},"thumbnailUrl":"https:\/\/thenaat.pl\/wp-content\/uploads\/2026\/04\/IMG_4981-scaled.jpeg","datePublished":"2026-04-14T09:29:19+00:00","dateModified":"2026-04-14T09:45:42+00:00","breadcrumb":{"@id":"https:\/\/thenaat.pl\/index.php\/produkt\/piwonia-w-pudeleczku\/#breadcrumb"},"inLanguage":"pl-PL","potentialAction":[{"@type":"ReadAction","target":["https:\/\/thenaat.pl\/index.php\/produkt\/piwonia-w-pudeleczku\/"]}]},{"@type":"ImageObject","inLanguage":"pl-PL","@id":"https:\/\/thenaat.pl\/index.php\/produkt\/piwonia-w-pudeleczku\/#primaryimage","url":"https:\/\/thenaat.pl\/wp-content\/uploads\/2026\/04\/IMG_4981-scaled.jpeg","contentUrl":"https:\/\/thenaat.pl\/wp-content\/uploads\/2026\/04\/IMG_4981-scaled.jpeg","width":1440,"height":2560},{"@type":"BreadcrumbList","@id":"https:\/\/thenaat.pl\/index.php\/produkt\/piwonia-w-pudeleczku\/#breadcrumb","itemListElement":[{"@type":"ListItem","position":1,"name":"Strona g\u0142\u00f3wna","item":"https:\/\/thenaat.pl\/"},{"@type":"ListItem","position":2,"name":"Sklep","item":"https:\/\/thenaat.pl\/index.php\/sklep\/"},{"@type":"ListItem","position":3,"name":"Piwonia w pude\u0142eczku"}]},{"@type":"WebSite","@id":"https:\/\/thenaat.pl\/#website","url":"https:\/\/thenaat.pl\/","name":"The Naat","description":"","publisher":{"@id":"https:\/\/thenaat.pl\/#organization"},"potentialAction":[{"@type":"SearchAction","target":{"@type":"EntryPoint","urlTemplate":"https:\/\/thenaat.pl\/?s={search_term_string}"},"query-input":{"@type":"PropertyValueSpecification","valueRequired":true,"valueName":"search_term_string"}}],"inLanguage":"pl-PL"},{"@type":"Organization","@id":"https:\/\/thenaat.pl\/#organization","name":"The Naat","url":"https:\/\/thenaat.pl\/","logo":{"@type":"ImageObject","inLanguage":"pl-PL","@id":"https:\/\/thenaat.pl\/#\/schema\/logo\/image\/","url":"https:\/\/thenaat.pl\/wp-content\/uploads\/2025\/12\/cropped-Dodaj-naglowek.pdf_pages-to-jpg-0001-1-1.jpg","contentUrl":"https:\/\/thenaat.pl\/wp-content\/uploads\/2025\/12\/cropped-Dodaj-naglowek.pdf_pages-to-jpg-0001-1-1.jpg","width":296,"height":99,"caption":"The Naat"},"image":{"@id":"https:\/\/thenaat.pl\/#\/schema\/logo\/image\/"},"sameAs":["https:\/\/www.facebook.com\/profile.php?id=61556658761413","https:\/\/www.instagram.com\/the__naat\/"]}]}},"jetpack_sharing_enabled":true,"_links":{"self":[{"href":"https:\/\/thenaat.pl\/index.php\/wp-json\/wp\/v2\/product\/683","targetHints":{"allow":["GET"]}}],"collection":[{"href":"https:\/\/thenaat.pl\/index.php\/wp-json\/wp\/v2\/product"}],"about":[{"href":"https:\/\/thenaat.pl\/index.php\/wp-json\/wp\/v2\/types\/product"}],"wp:featuredmedia":[{"embeddable":true,"href":"https:\/\/thenaat.pl\/index.php\/wp-json\/wp\/v2\/media\/684"}],"wp:attachment":[{"href":"https:\/\/thenaat.pl\/index.php\/wp-json\/wp\/v2\/media?parent=683"}],"wp:term":[{"taxonomy":"product_brand","embeddable":true,"href":"https:\/\/thenaat.pl\/index.php\/wp-json\/wp\/v2\/product_brand?post=683"},{"taxonomy":"product_cat","embeddable":true,"href":"https:\/\/thenaat.pl\/index.php\/wp-json\/wp\/v2\/product_cat?post=683"},{"taxonomy":"product_tag","embeddable":true,"href":"https:\/\/thenaat.pl\/index.php\/wp-json\/wp\/v2\/product_tag?post=683"}],"curies":[{"name":"wp","href":"https:\/\/api.w.org\/{rel}","templated":true}]}}