{"id":581,"date":"2026-03-03T16:00:53","date_gmt":"2026-03-03T15:00:53","guid":{"rendered":"https:\/\/thenaat.pl\/?post_type=product&#038;p=581"},"modified":"2026-03-26T20:54:13","modified_gmt":"2026-03-26T19:54:13","slug":"wianek-lawendowa-laka-1-2","status":"publish","type":"product","link":"https:\/\/thenaat.pl\/index.php\/produkt\/wianek-lawendowa-laka-1-2\/","title":{"rendered":"WIANEK LAWENDOWA \u0141\u0104KA 2.3"},"content":{"rendered":"","protected":false},"excerpt":{"rendered":"<p><strong>Wprowad\u017a do swojego domu \u015bwie\u017co\u015b\u0107 wiosny i wyj\u0105tkowy, \u015bwi\u0105teczny klimat dzi\u0119ki naszym r\u0119cznie wykonanym wiankom.<\/strong><span class=\"Apple-converted-space\"><strong>\u00a0<\/strong><\/span><\/p>\n<p>Doskonale sprawdz\u0105 si\u0119 jako ozdoba drzwi wej\u015bciowych, witaj\u0105c go\u015bci w wyj\u0105tkowy spos\u00f3b, ale r\u00f3wnie pi\u0119knie prezentuj\u0105 si\u0119 we wn\u0119trzach \u2013 zawieszone na \u015bcianie lub jako oryginalna dekoracja sto\u0142u Wielkanocnego.<img decoding=\"async\" class=\"emoji\" role=\"img\" draggable=\"false\" src=\"https:\/\/s.w.org\/images\/core\/emoji\/17.0.2\/svg\/1f423.svg\" alt=\"\ud83d\udc23\" \/><\/p>\n<p>&nbsp;<\/p>\n<p><strong>\u015aREDNICA<\/strong>\u201330cm<\/p>\n","protected":false},"featured_media":570,"template":"","meta":{"site-sidebar-layout":"default","site-content-layout":"","ast-site-content-layout":"default","site-content-style":"default","site-sidebar-style":"default","ast-global-header-display":"","ast-banner-title-visibility":"","ast-main-header-display":"","ast-hfb-above-header-display":"","ast-hfb-below-header-display":"","ast-hfb-mobile-header-display":"","site-post-title":"","ast-breadcrumbs-content":"","ast-featured-img":"","footer-sml-layout":"","ast-disable-related-posts":"","theme-transparent-header-meta":"default","adv-header-id-meta":"","stick-header-meta":"","header-above-stick-meta":"","header-main-stick-meta":"","header-below-stick-meta":"","astra-migrate-meta-layouts":"set","ast-page-background-enabled":"default","ast-page-background-meta":{"desktop":{"background-color":"var(--ast-global-color-5)","background-image":"","background-repeat":"repeat","background-position":"center center","background-size":"auto","background-attachment":"scroll","background-type":"","background-media":"","overlay-type":"","overlay-color":"","overlay-opacity":"","overlay-gradient":""},"tablet":{"background-color":"","background-image":"","background-repeat":"repeat","background-position":"center center","background-size":"auto","background-attachment":"scroll","background-type":"","background-media":"","overlay-type":"","overlay-color":"","overlay-opacity":"","overlay-gradient":""},"mobile":{"background-color":"","background-image":"","background-repeat":"repeat","background-position":"center center","background-size":"auto","background-attachment":"scroll","background-type":"","background-media":"","overlay-type":"","overlay-color":"","overlay-opacity":"","overlay-gradient":""}},"ast-content-background-meta":{"desktop":{"background-color":"var(--ast-global-color-4)","background-image":"","background-repeat":"repeat","background-position":"center center","background-size":"auto","background-attachment":"scroll","background-type":"","background-media":"","overlay-type":"","overlay-color":"","overlay-opacity":"","overlay-gradient":""},"tablet":{"background-color":"var(--ast-global-color-4)","background-image":"","background-repeat":"repeat","background-position":"center center","background-size":"auto","background-attachment":"scroll","background-type":"","background-media":"","overlay-type":"","overlay-color":"","overlay-opacity":"","overlay-gradient":""},"mobile":{"background-color":"var(--ast-global-color-4)","background-image":"","background-repeat":"repeat","background-position":"center center","background-size":"auto","background-attachment":"scroll","background-type":"","background-media":"","overlay-type":"","overlay-color":"","overlay-opacity":"","overlay-gradient":""}}},"product_brand":[],"product_cat":[16],"product_tag":[],"class_list":{"0":"post-581","1":"product","2":"type-product","3":"status-publish","4":"has-post-thumbnail","6":"product_cat-bez-kategorii","7":"desktop-align-left","8":"tablet-align-left","9":"mobile-align-left","11":"first","12":"outofstock","13":"shipping-taxable","14":"purchasable","15":"product-type-simple"},"yoast_head":"<!-- This site is optimized with the Yoast SEO plugin v27.1.1 - https:\/\/yoast.com\/product\/yoast-seo-wordpress\/ -->\n<title>WIANEK LAWENDOWA \u0141\u0104KA 2.3 - The Naat<\/title>\n<meta name=\"robots\" content=\"index, follow, max-snippet:-1, max-image-preview:large, max-video-preview:-1\" \/>\n<link rel=\"canonical\" href=\"https:\/\/thenaat.pl\/index.php\/produkt\/wianek-lawendowa-laka-1-2\/\" \/>\n<meta property=\"og:locale\" content=\"pl_PL\" \/>\n<meta property=\"og:type\" content=\"article\" \/>\n<meta property=\"og:title\" content=\"WIANEK LAWENDOWA \u0141\u0104KA 2.3 - The Naat\" \/>\n<meta property=\"og:description\" content=\"Wprowad\u017a do swojego domu \u015bwie\u017co\u015b\u0107 wiosny i wyj\u0105tkowy, \u015bwi\u0105teczny klimat dzi\u0119ki naszym r\u0119cznie wykonanym wiankom.\u00a0  Doskonale sprawdz\u0105 si\u0119 jako ozdoba drzwi wej\u015bciowych, witaj\u0105c go\u015bci w wyj\u0105tkowy spos\u00f3b, ale r\u00f3wnie pi\u0119knie prezentuj\u0105 si\u0119 we wn\u0119trzach \u2013 zawieszone na \u015bcianie lub jako oryginalna dekoracja sto\u0142u Wielkanocnego.  &nbsp;  \u015aREDNICA\u201330cm\" \/>\n<meta property=\"og:url\" content=\"https:\/\/thenaat.pl\/index.php\/produkt\/wianek-lawendowa-laka-1-2\/\" \/>\n<meta property=\"og:site_name\" content=\"The Naat\" \/>\n<meta property=\"article:publisher\" content=\"https:\/\/www.facebook.com\/profile.php?id=61556658761413\" \/>\n<meta property=\"article:modified_time\" content=\"2026-03-26T19:54:13+00:00\" \/>\n<meta property=\"og:image\" content=\"https:\/\/thenaat.pl\/wp-content\/uploads\/2026\/03\/IMG_4073-scaled-e1772474081893.jpeg\" \/>\n\t<meta property=\"og:image:width\" content=\"1440\" \/>\n\t<meta property=\"og:image:height\" content=\"1930\" \/>\n\t<meta property=\"og:image:type\" content=\"image\/jpeg\" \/>\n<meta name=\"twitter:card\" content=\"summary_large_image\" \/>\n<meta name=\"twitter:label1\" content=\"Szacowany czas czytania\" \/>\n\t<meta name=\"twitter:data1\" content=\"1 minuta\" \/>\n<script type=\"application\/ld+json\" class=\"yoast-schema-graph\">{\"@context\":\"https:\/\/schema.org\",\"@graph\":[{\"@type\":\"WebPage\",\"@id\":\"https:\/\/thenaat.pl\/index.php\/produkt\/wianek-lawendowa-laka-1-2\/\",\"url\":\"https:\/\/thenaat.pl\/index.php\/produkt\/wianek-lawendowa-laka-1-2\/\",\"name\":\"WIANEK LAWENDOWA \u0141\u0104KA 2.3 - The Naat\",\"isPartOf\":{\"@id\":\"https:\/\/thenaat.pl\/#website\"},\"primaryImageOfPage\":{\"@id\":\"https:\/\/thenaat.pl\/index.php\/produkt\/wianek-lawendowa-laka-1-2\/#primaryimage\"},\"image\":{\"@id\":\"https:\/\/thenaat.pl\/index.php\/produkt\/wianek-lawendowa-laka-1-2\/#primaryimage\"},\"thumbnailUrl\":\"https:\/\/thenaat.pl\/wp-content\/uploads\/2026\/03\/IMG_4073-scaled-e1772474081893.jpeg\",\"datePublished\":\"2026-03-03T15:00:53+00:00\",\"dateModified\":\"2026-03-26T19:54:13+00:00\",\"breadcrumb\":{\"@id\":\"https:\/\/thenaat.pl\/index.php\/produkt\/wianek-lawendowa-laka-1-2\/#breadcrumb\"},\"inLanguage\":\"pl-PL\",\"potentialAction\":[{\"@type\":\"ReadAction\",\"target\":[\"https:\/\/thenaat.pl\/index.php\/produkt\/wianek-lawendowa-laka-1-2\/\"]}]},{\"@type\":\"ImageObject\",\"inLanguage\":\"pl-PL\",\"@id\":\"https:\/\/thenaat.pl\/index.php\/produkt\/wianek-lawendowa-laka-1-2\/#primaryimage\",\"url\":\"https:\/\/thenaat.pl\/wp-content\/uploads\/2026\/03\/IMG_4073-scaled-e1772474081893.jpeg\",\"contentUrl\":\"https:\/\/thenaat.pl\/wp-content\/uploads\/2026\/03\/IMG_4073-scaled-e1772474081893.jpeg\",\"width\":1440,\"height\":1930},{\"@type\":\"BreadcrumbList\",\"@id\":\"https:\/\/thenaat.pl\/index.php\/produkt\/wianek-lawendowa-laka-1-2\/#breadcrumb\",\"itemListElement\":[{\"@type\":\"ListItem\",\"position\":1,\"name\":\"Strona g\u0142\u00f3wna\",\"item\":\"https:\/\/thenaat.pl\/\"},{\"@type\":\"ListItem\",\"position\":2,\"name\":\"Sklep\",\"item\":\"https:\/\/thenaat.pl\/index.php\/sklep\/\"},{\"@type\":\"ListItem\",\"position\":3,\"name\":\"WIANEK LAWENDOWA \u0141\u0104KA 2.3\"}]},{\"@type\":\"WebSite\",\"@id\":\"https:\/\/thenaat.pl\/#website\",\"url\":\"https:\/\/thenaat.pl\/\",\"name\":\"The Naat\",\"description\":\"\",\"publisher\":{\"@id\":\"https:\/\/thenaat.pl\/#organization\"},\"potentialAction\":[{\"@type\":\"SearchAction\",\"target\":{\"@type\":\"EntryPoint\",\"urlTemplate\":\"https:\/\/thenaat.pl\/?s={search_term_string}\"},\"query-input\":{\"@type\":\"PropertyValueSpecification\",\"valueRequired\":true,\"valueName\":\"search_term_string\"}}],\"inLanguage\":\"pl-PL\"},{\"@type\":\"Organization\",\"@id\":\"https:\/\/thenaat.pl\/#organization\",\"name\":\"The Naat\",\"url\":\"https:\/\/thenaat.pl\/\",\"logo\":{\"@type\":\"ImageObject\",\"inLanguage\":\"pl-PL\",\"@id\":\"https:\/\/thenaat.pl\/#\/schema\/logo\/image\/\",\"url\":\"https:\/\/thenaat.pl\/wp-content\/uploads\/2025\/12\/cropped-Dodaj-naglowek.pdf_pages-to-jpg-0001-1-1.jpg\",\"contentUrl\":\"https:\/\/thenaat.pl\/wp-content\/uploads\/2025\/12\/cropped-Dodaj-naglowek.pdf_pages-to-jpg-0001-1-1.jpg\",\"width\":296,\"height\":99,\"caption\":\"The Naat\"},\"image\":{\"@id\":\"https:\/\/thenaat.pl\/#\/schema\/logo\/image\/\"},\"sameAs\":[\"https:\/\/www.facebook.com\/profile.php?id=61556658761413\",\"https:\/\/www.instagram.com\/the__naat\/\"]}]}<\/script>\n<!-- \/ Yoast SEO plugin. -->","yoast_head_json":{"title":"WIANEK LAWENDOWA \u0141\u0104KA 2.3 - The Naat","robots":{"index":"index","follow":"follow","max-snippet":"max-snippet:-1","max-image-preview":"max-image-preview:large","max-video-preview":"max-video-preview:-1"},"canonical":"https:\/\/thenaat.pl\/index.php\/produkt\/wianek-lawendowa-laka-1-2\/","og_locale":"pl_PL","og_type":"article","og_title":"WIANEK LAWENDOWA \u0141\u0104KA 2.3 - The Naat","og_description":"Wprowad\u017a do swojego domu \u015bwie\u017co\u015b\u0107 wiosny i wyj\u0105tkowy, \u015bwi\u0105teczny klimat dzi\u0119ki naszym r\u0119cznie wykonanym wiankom.\u00a0  Doskonale sprawdz\u0105 si\u0119 jako ozdoba drzwi wej\u015bciowych, witaj\u0105c go\u015bci w wyj\u0105tkowy spos\u00f3b, ale r\u00f3wnie pi\u0119knie prezentuj\u0105 si\u0119 we wn\u0119trzach \u2013 zawieszone na \u015bcianie lub jako oryginalna dekoracja sto\u0142u Wielkanocnego.  &nbsp;  \u015aREDNICA\u201330cm","og_url":"https:\/\/thenaat.pl\/index.php\/produkt\/wianek-lawendowa-laka-1-2\/","og_site_name":"The Naat","article_publisher":"https:\/\/www.facebook.com\/profile.php?id=61556658761413","article_modified_time":"2026-03-26T19:54:13+00:00","og_image":[{"width":1440,"height":1930,"url":"https:\/\/thenaat.pl\/wp-content\/uploads\/2026\/03\/IMG_4073-scaled-e1772474081893.jpeg","type":"image\/jpeg"}],"twitter_card":"summary_large_image","twitter_misc":{"Szacowany czas czytania":"1 minuta"},"schema":{"@context":"https:\/\/schema.org","@graph":[{"@type":"WebPage","@id":"https:\/\/thenaat.pl\/index.php\/produkt\/wianek-lawendowa-laka-1-2\/","url":"https:\/\/thenaat.pl\/index.php\/produkt\/wianek-lawendowa-laka-1-2\/","name":"WIANEK LAWENDOWA \u0141\u0104KA 2.3 - The Naat","isPartOf":{"@id":"https:\/\/thenaat.pl\/#website"},"primaryImageOfPage":{"@id":"https:\/\/thenaat.pl\/index.php\/produkt\/wianek-lawendowa-laka-1-2\/#primaryimage"},"image":{"@id":"https:\/\/thenaat.pl\/index.php\/produkt\/wianek-lawendowa-laka-1-2\/#primaryimage"},"thumbnailUrl":"https:\/\/thenaat.pl\/wp-content\/uploads\/2026\/03\/IMG_4073-scaled-e1772474081893.jpeg","datePublished":"2026-03-03T15:00:53+00:00","dateModified":"2026-03-26T19:54:13+00:00","breadcrumb":{"@id":"https:\/\/thenaat.pl\/index.php\/produkt\/wianek-lawendowa-laka-1-2\/#breadcrumb"},"inLanguage":"pl-PL","potentialAction":[{"@type":"ReadAction","target":["https:\/\/thenaat.pl\/index.php\/produkt\/wianek-lawendowa-laka-1-2\/"]}]},{"@type":"ImageObject","inLanguage":"pl-PL","@id":"https:\/\/thenaat.pl\/index.php\/produkt\/wianek-lawendowa-laka-1-2\/#primaryimage","url":"https:\/\/thenaat.pl\/wp-content\/uploads\/2026\/03\/IMG_4073-scaled-e1772474081893.jpeg","contentUrl":"https:\/\/thenaat.pl\/wp-content\/uploads\/2026\/03\/IMG_4073-scaled-e1772474081893.jpeg","width":1440,"height":1930},{"@type":"BreadcrumbList","@id":"https:\/\/thenaat.pl\/index.php\/produkt\/wianek-lawendowa-laka-1-2\/#breadcrumb","itemListElement":[{"@type":"ListItem","position":1,"name":"Strona g\u0142\u00f3wna","item":"https:\/\/thenaat.pl\/"},{"@type":"ListItem","position":2,"name":"Sklep","item":"https:\/\/thenaat.pl\/index.php\/sklep\/"},{"@type":"ListItem","position":3,"name":"WIANEK LAWENDOWA \u0141\u0104KA 2.3"}]},{"@type":"WebSite","@id":"https:\/\/thenaat.pl\/#website","url":"https:\/\/thenaat.pl\/","name":"The Naat","description":"","publisher":{"@id":"https:\/\/thenaat.pl\/#organization"},"potentialAction":[{"@type":"SearchAction","target":{"@type":"EntryPoint","urlTemplate":"https:\/\/thenaat.pl\/?s={search_term_string}"},"query-input":{"@type":"PropertyValueSpecification","valueRequired":true,"valueName":"search_term_string"}}],"inLanguage":"pl-PL"},{"@type":"Organization","@id":"https:\/\/thenaat.pl\/#organization","name":"The Naat","url":"https:\/\/thenaat.pl\/","logo":{"@type":"ImageObject","inLanguage":"pl-PL","@id":"https:\/\/thenaat.pl\/#\/schema\/logo\/image\/","url":"https:\/\/thenaat.pl\/wp-content\/uploads\/2025\/12\/cropped-Dodaj-naglowek.pdf_pages-to-jpg-0001-1-1.jpg","contentUrl":"https:\/\/thenaat.pl\/wp-content\/uploads\/2025\/12\/cropped-Dodaj-naglowek.pdf_pages-to-jpg-0001-1-1.jpg","width":296,"height":99,"caption":"The Naat"},"image":{"@id":"https:\/\/thenaat.pl\/#\/schema\/logo\/image\/"},"sameAs":["https:\/\/www.facebook.com\/profile.php?id=61556658761413","https:\/\/www.instagram.com\/the__naat\/"]}]}},"jetpack_sharing_enabled":true,"_links":{"self":[{"href":"https:\/\/thenaat.pl\/index.php\/wp-json\/wp\/v2\/product\/581","targetHints":{"allow":["GET"]}}],"collection":[{"href":"https:\/\/thenaat.pl\/index.php\/wp-json\/wp\/v2\/product"}],"about":[{"href":"https:\/\/thenaat.pl\/index.php\/wp-json\/wp\/v2\/types\/product"}],"wp:featuredmedia":[{"embeddable":true,"href":"https:\/\/thenaat.pl\/index.php\/wp-json\/wp\/v2\/media\/570"}],"wp:attachment":[{"href":"https:\/\/thenaat.pl\/index.php\/wp-json\/wp\/v2\/media?parent=581"}],"wp:term":[{"taxonomy":"product_brand","embeddable":true,"href":"https:\/\/thenaat.pl\/index.php\/wp-json\/wp\/v2\/product_brand?post=581"},{"taxonomy":"product_cat","embeddable":true,"href":"https:\/\/thenaat.pl\/index.php\/wp-json\/wp\/v2\/product_cat?post=581"},{"taxonomy":"product_tag","embeddable":true,"href":"https:\/\/thenaat.pl\/index.php\/wp-json\/wp\/v2\/product_tag?post=581"}],"curies":[{"name":"wp","href":"https:\/\/api.w.org\/{rel}","templated":true}]}}