{"id":488,"date":"2026-02-02T19:01:26","date_gmt":"2026-02-02T18:01:26","guid":{"rendered":"https:\/\/thenaat.pl\/?post_type=product&#038;p=488"},"modified":"2026-02-10T21:04:23","modified_gmt":"2026-02-10T20:04:23","slug":"mis-xl","status":"publish","type":"product","link":"https:\/\/thenaat.pl\/index.php\/produkt\/mis-xl\/","title":{"rendered":"\u015awieca MI\u015a XL"},"content":{"rendered":"<h3>Dlaczego wosk sojowy?<\/h3>\n<p>\u2022 jest naturalny i ekologiczny,<br \/>\n\u2022 biodegradowalny i przyjazny dla \u015brodowiska,<br \/>\n\u2022 nie zawiera toksyn,<br \/>\n\u2022 pali si\u0119 czysto i wolniej ni\u017c parafina.<\/p>\n<p>&nbsp;<\/p>\n<p><strong>Dane \u015bwiecy:<\/strong><\/p>\n<p>\u2022 <strong>materia\u0142<\/strong>: wosk sojowy<br \/>\n\u2022 <strong>zapach<\/strong>: brak<br \/>\n\u2022 <strong>waga<\/strong>: 500g<br \/>\n\u2022 <strong>wymiary<\/strong>:<br \/>\n\u2022 <strong>rodzaj<\/strong>: \u015bwieca wolnostoj\u0105ca( dekoracyjna)<\/p>\n<h2><img decoding=\"async\" class=\"emoji\" role=\"img\" draggable=\"false\" src=\"https:\/\/s.w.org\/images\/core\/emoji\/17.0.2\/svg\/2139.svg\" alt=\"\u2139\" \/> Informacja dotycz\u0105ca u\u017cytkowania:<\/h2>\n<p><span style=\"color: #ff0000;\"><strong>\u015awieca jest modelem wolnostoj\u0105cym, dlatego podczas palenia nale\u017cy umie\u015bci\u0107 j\u0105 na odpowiedniej podstawce. W trakcie spalania wosk mo\u017ce sp\u0142ywa\u0107 na boki \u2014 jest to naturalna cecha \u015bwiec bez pojemnika. Zalecamy stosowanie stabilnych, odpornych na wysok\u0105 temperatur\u0119 podk\u0142adek.<\/strong><\/span><\/p>\n<p><span style=\"color: #ff0000;\"><strong>Nie pozostawiaj zapalonej \u015bwiecy bez nadzoru. Przechowuj i u\u017cywaj j\u0105 w miejscu niedost\u0119pnym dla dzieci, zwierz\u0105t oraz z dala od materia\u0142\u00f3w \u0142atwopalnych. Produkt ma charakter dekoracyjny, jednak przy zachowaniu zasad bezpiecze\u0144stwa mo\u017ce by\u0107 r\u00f3wnie\u017c u\u017cytkowany zgodnie z przeznaczeniem.<\/strong><\/span><\/p>\n<p>&nbsp;<\/p>\n","protected":false},"excerpt":{"rendered":"<p>Wyj\u0105tkowy Mi\u015b XL wykonany z naturalnego wosku sojowego, uformowany z dziesi\u0105tek mini r\u00f3\u017cyczek, kt\u00f3re razem tworz\u0105 niezwykle romantyczn\u0105 i eleganck\u0105 ca\u0142o\u015b\u0107.<span class=\"Apple-converted-space\"><br \/>\n<\/span><span style=\"font-size: 16px; -webkit-text-size-adjust: 100%;\">Zapakowany jest w estetyczn\u0105 torebk\u0119 prezentow\u0105 z ozdobn\u0105 kokard\u0105, dzi\u0119ki czemu jest gotowy do wr\u0119czenia bez potrzeby dodatkowego pakowania. To idealny wyb\u00f3r na prezent dla bliskiej osoby \u2013 na urodziny, rocznic\u0119, Walentynki, Dzie\u0144 Kobiet lub po prostu jako mi\u0142y gest \u201ebez okazji\u201d.<\/span><\/p>\n","protected":false},"featured_media":485,"template":"","meta":{"site-sidebar-layout":"default","site-content-layout":"","ast-site-content-layout":"default","site-content-style":"default","site-sidebar-style":"default","ast-global-header-display":"","ast-banner-title-visibility":"","ast-main-header-display":"","ast-hfb-above-header-display":"","ast-hfb-below-header-display":"","ast-hfb-mobile-header-display":"","site-post-title":"","ast-breadcrumbs-content":"","ast-featured-img":"","footer-sml-layout":"","ast-disable-related-posts":"","theme-transparent-header-meta":"default","adv-header-id-meta":"","stick-header-meta":"","header-above-stick-meta":"","header-main-stick-meta":"","header-below-stick-meta":"","astra-migrate-meta-layouts":"set","ast-page-background-enabled":"default","ast-page-background-meta":{"desktop":{"background-color":"var(--ast-global-color-5)","background-image":"","background-repeat":"repeat","background-position":"center center","background-size":"auto","background-attachment":"scroll","background-type":"","background-media":"","overlay-type":"","overlay-color":"","overlay-opacity":"","overlay-gradient":""},"tablet":{"background-color":"","background-image":"","background-repeat":"repeat","background-position":"center center","background-size":"auto","background-attachment":"scroll","background-type":"","background-media":"","overlay-type":"","overlay-color":"","overlay-opacity":"","overlay-gradient":""},"mobile":{"background-color":"","background-image":"","background-repeat":"repeat","background-position":"center center","background-size":"auto","background-attachment":"scroll","background-type":"","background-media":"","overlay-type":"","overlay-color":"","overlay-opacity":"","overlay-gradient":""}},"ast-content-background-meta":{"desktop":{"background-color":"var(--ast-global-color-4)","background-image":"","background-repeat":"repeat","background-position":"center center","background-size":"auto","background-attachment":"scroll","background-type":"","background-media":"","overlay-type":"","overlay-color":"","overlay-opacity":"","overlay-gradient":""},"tablet":{"background-color":"var(--ast-global-color-4)","background-image":"","background-repeat":"repeat","background-position":"center center","background-size":"auto","background-attachment":"scroll","background-type":"","background-media":"","overlay-type":"","overlay-color":"","overlay-opacity":"","overlay-gradient":""},"mobile":{"background-color":"var(--ast-global-color-4)","background-image":"","background-repeat":"repeat","background-position":"center center","background-size":"auto","background-attachment":"scroll","background-type":"","background-media":"","overlay-type":"","overlay-color":"","overlay-opacity":"","overlay-gradient":""}}},"product_brand":[],"product_cat":[21],"product_tag":[],"class_list":{"0":"post-488","1":"product","2":"type-product","3":"status-publish","4":"has-post-thumbnail","6":"product_cat-zestawy","7":"desktop-align-left","8":"tablet-align-left","9":"mobile-align-left","11":"first","12":"instock","13":"shipping-taxable","14":"purchasable","15":"product-type-simple"},"yoast_head":"<!-- This site is optimized with the Yoast SEO plugin v27.1.1 - https:\/\/yoast.com\/product\/yoast-seo-wordpress\/ -->\n<title>\u015awieca MI\u015a XL - The Naat<\/title>\n<meta name=\"robots\" content=\"index, follow, max-snippet:-1, max-image-preview:large, max-video-preview:-1\" \/>\n<link rel=\"canonical\" href=\"https:\/\/thenaat.pl\/index.php\/produkt\/mis-xl\/\" \/>\n<meta property=\"og:locale\" content=\"pl_PL\" \/>\n<meta property=\"og:type\" content=\"article\" \/>\n<meta property=\"og:title\" content=\"\u015awieca MI\u015a XL - The Naat\" \/>\n<meta property=\"og:description\" content=\"Wyj\u0105tkowy Mi\u015b XL wykonany z naturalnego wosku sojowego, uformowany z dziesi\u0105tek mini r\u00f3\u017cyczek, kt\u00f3re razem tworz\u0105 niezwykle romantyczn\u0105 i eleganck\u0105 ca\u0142o\u015b\u0107. Zapakowany jest w estetyczn\u0105 torebk\u0119 prezentow\u0105 z ozdobn\u0105 kokard\u0105, dzi\u0119ki czemu jest gotowy do wr\u0119czenia bez potrzeby dodatkowego pakowania. To idealny wyb\u00f3r na prezent dla bliskiej osoby \u2013 na urodziny, rocznic\u0119, Walentynki, Dzie\u0144 Kobiet lub po prostu jako mi\u0142y gest \u201ebez okazji\u201d.\" \/>\n<meta property=\"og:url\" content=\"https:\/\/thenaat.pl\/index.php\/produkt\/mis-xl\/\" \/>\n<meta property=\"og:site_name\" content=\"The Naat\" \/>\n<meta property=\"article:publisher\" content=\"https:\/\/www.facebook.com\/profile.php?id=61556658761413\" \/>\n<meta property=\"article:modified_time\" content=\"2026-02-10T20:04:23+00:00\" \/>\n<meta property=\"og:image\" content=\"https:\/\/thenaat.pl\/wp-content\/uploads\/2026\/02\/IMG_3576-scaled.jpeg\" \/>\n\t<meta property=\"og:image:width\" content=\"1440\" \/>\n\t<meta property=\"og:image:height\" content=\"2560\" \/>\n\t<meta property=\"og:image:type\" content=\"image\/jpeg\" \/>\n<meta name=\"twitter:card\" content=\"summary_large_image\" \/>\n<meta name=\"twitter:label1\" content=\"Szacowany czas czytania\" \/>\n\t<meta name=\"twitter:data1\" content=\"2 minuty\" \/>\n<script type=\"application\/ld+json\" class=\"yoast-schema-graph\">{\"@context\":\"https:\/\/schema.org\",\"@graph\":[{\"@type\":\"WebPage\",\"@id\":\"https:\/\/thenaat.pl\/index.php\/produkt\/mis-xl\/\",\"url\":\"https:\/\/thenaat.pl\/index.php\/produkt\/mis-xl\/\",\"name\":\"\u015awieca MI\u015a XL - The Naat\",\"isPartOf\":{\"@id\":\"https:\/\/thenaat.pl\/#website\"},\"primaryImageOfPage\":{\"@id\":\"https:\/\/thenaat.pl\/index.php\/produkt\/mis-xl\/#primaryimage\"},\"image\":{\"@id\":\"https:\/\/thenaat.pl\/index.php\/produkt\/mis-xl\/#primaryimage\"},\"thumbnailUrl\":\"https:\/\/thenaat.pl\/wp-content\/uploads\/2026\/02\/IMG_3576-scaled.jpeg\",\"datePublished\":\"2026-02-02T18:01:26+00:00\",\"dateModified\":\"2026-02-10T20:04:23+00:00\",\"breadcrumb\":{\"@id\":\"https:\/\/thenaat.pl\/index.php\/produkt\/mis-xl\/#breadcrumb\"},\"inLanguage\":\"pl-PL\",\"potentialAction\":[{\"@type\":\"ReadAction\",\"target\":[\"https:\/\/thenaat.pl\/index.php\/produkt\/mis-xl\/\"]}]},{\"@type\":\"ImageObject\",\"inLanguage\":\"pl-PL\",\"@id\":\"https:\/\/thenaat.pl\/index.php\/produkt\/mis-xl\/#primaryimage\",\"url\":\"https:\/\/thenaat.pl\/wp-content\/uploads\/2026\/02\/IMG_3576-scaled.jpeg\",\"contentUrl\":\"https:\/\/thenaat.pl\/wp-content\/uploads\/2026\/02\/IMG_3576-scaled.jpeg\",\"width\":1440,\"height\":2560},{\"@type\":\"BreadcrumbList\",\"@id\":\"https:\/\/thenaat.pl\/index.php\/produkt\/mis-xl\/#breadcrumb\",\"itemListElement\":[{\"@type\":\"ListItem\",\"position\":1,\"name\":\"Strona g\u0142\u00f3wna\",\"item\":\"https:\/\/thenaat.pl\/\"},{\"@type\":\"ListItem\",\"position\":2,\"name\":\"Sklep\",\"item\":\"https:\/\/thenaat.pl\/index.php\/sklep\/\"},{\"@type\":\"ListItem\",\"position\":3,\"name\":\"\u015awieca MI\u015a XL\"}]},{\"@type\":\"WebSite\",\"@id\":\"https:\/\/thenaat.pl\/#website\",\"url\":\"https:\/\/thenaat.pl\/\",\"name\":\"The Naat\",\"description\":\"\",\"publisher\":{\"@id\":\"https:\/\/thenaat.pl\/#organization\"},\"potentialAction\":[{\"@type\":\"SearchAction\",\"target\":{\"@type\":\"EntryPoint\",\"urlTemplate\":\"https:\/\/thenaat.pl\/?s={search_term_string}\"},\"query-input\":{\"@type\":\"PropertyValueSpecification\",\"valueRequired\":true,\"valueName\":\"search_term_string\"}}],\"inLanguage\":\"pl-PL\"},{\"@type\":\"Organization\",\"@id\":\"https:\/\/thenaat.pl\/#organization\",\"name\":\"The Naat\",\"url\":\"https:\/\/thenaat.pl\/\",\"logo\":{\"@type\":\"ImageObject\",\"inLanguage\":\"pl-PL\",\"@id\":\"https:\/\/thenaat.pl\/#\/schema\/logo\/image\/\",\"url\":\"https:\/\/thenaat.pl\/wp-content\/uploads\/2025\/12\/cropped-Dodaj-naglowek.pdf_pages-to-jpg-0001-1-1.jpg\",\"contentUrl\":\"https:\/\/thenaat.pl\/wp-content\/uploads\/2025\/12\/cropped-Dodaj-naglowek.pdf_pages-to-jpg-0001-1-1.jpg\",\"width\":296,\"height\":99,\"caption\":\"The Naat\"},\"image\":{\"@id\":\"https:\/\/thenaat.pl\/#\/schema\/logo\/image\/\"},\"sameAs\":[\"https:\/\/www.facebook.com\/profile.php?id=61556658761413\",\"https:\/\/www.instagram.com\/the__naat\/\"]}]}<\/script>\n<!-- \/ Yoast SEO plugin. -->","yoast_head_json":{"title":"\u015awieca MI\u015a XL - The Naat","robots":{"index":"index","follow":"follow","max-snippet":"max-snippet:-1","max-image-preview":"max-image-preview:large","max-video-preview":"max-video-preview:-1"},"canonical":"https:\/\/thenaat.pl\/index.php\/produkt\/mis-xl\/","og_locale":"pl_PL","og_type":"article","og_title":"\u015awieca MI\u015a XL - The Naat","og_description":"Wyj\u0105tkowy Mi\u015b XL wykonany z naturalnego wosku sojowego, uformowany z dziesi\u0105tek mini r\u00f3\u017cyczek, kt\u00f3re razem tworz\u0105 niezwykle romantyczn\u0105 i eleganck\u0105 ca\u0142o\u015b\u0107. Zapakowany jest w estetyczn\u0105 torebk\u0119 prezentow\u0105 z ozdobn\u0105 kokard\u0105, dzi\u0119ki czemu jest gotowy do wr\u0119czenia bez potrzeby dodatkowego pakowania. To idealny wyb\u00f3r na prezent dla bliskiej osoby \u2013 na urodziny, rocznic\u0119, Walentynki, Dzie\u0144 Kobiet lub po prostu jako mi\u0142y gest \u201ebez okazji\u201d.","og_url":"https:\/\/thenaat.pl\/index.php\/produkt\/mis-xl\/","og_site_name":"The Naat","article_publisher":"https:\/\/www.facebook.com\/profile.php?id=61556658761413","article_modified_time":"2026-02-10T20:04:23+00:00","og_image":[{"width":1440,"height":2560,"url":"https:\/\/thenaat.pl\/wp-content\/uploads\/2026\/02\/IMG_3576-scaled.jpeg","type":"image\/jpeg"}],"twitter_card":"summary_large_image","twitter_misc":{"Szacowany czas czytania":"2 minuty"},"schema":{"@context":"https:\/\/schema.org","@graph":[{"@type":"WebPage","@id":"https:\/\/thenaat.pl\/index.php\/produkt\/mis-xl\/","url":"https:\/\/thenaat.pl\/index.php\/produkt\/mis-xl\/","name":"\u015awieca MI\u015a XL - The Naat","isPartOf":{"@id":"https:\/\/thenaat.pl\/#website"},"primaryImageOfPage":{"@id":"https:\/\/thenaat.pl\/index.php\/produkt\/mis-xl\/#primaryimage"},"image":{"@id":"https:\/\/thenaat.pl\/index.php\/produkt\/mis-xl\/#primaryimage"},"thumbnailUrl":"https:\/\/thenaat.pl\/wp-content\/uploads\/2026\/02\/IMG_3576-scaled.jpeg","datePublished":"2026-02-02T18:01:26+00:00","dateModified":"2026-02-10T20:04:23+00:00","breadcrumb":{"@id":"https:\/\/thenaat.pl\/index.php\/produkt\/mis-xl\/#breadcrumb"},"inLanguage":"pl-PL","potentialAction":[{"@type":"ReadAction","target":["https:\/\/thenaat.pl\/index.php\/produkt\/mis-xl\/"]}]},{"@type":"ImageObject","inLanguage":"pl-PL","@id":"https:\/\/thenaat.pl\/index.php\/produkt\/mis-xl\/#primaryimage","url":"https:\/\/thenaat.pl\/wp-content\/uploads\/2026\/02\/IMG_3576-scaled.jpeg","contentUrl":"https:\/\/thenaat.pl\/wp-content\/uploads\/2026\/02\/IMG_3576-scaled.jpeg","width":1440,"height":2560},{"@type":"BreadcrumbList","@id":"https:\/\/thenaat.pl\/index.php\/produkt\/mis-xl\/#breadcrumb","itemListElement":[{"@type":"ListItem","position":1,"name":"Strona g\u0142\u00f3wna","item":"https:\/\/thenaat.pl\/"},{"@type":"ListItem","position":2,"name":"Sklep","item":"https:\/\/thenaat.pl\/index.php\/sklep\/"},{"@type":"ListItem","position":3,"name":"\u015awieca MI\u015a XL"}]},{"@type":"WebSite","@id":"https:\/\/thenaat.pl\/#website","url":"https:\/\/thenaat.pl\/","name":"The Naat","description":"","publisher":{"@id":"https:\/\/thenaat.pl\/#organization"},"potentialAction":[{"@type":"SearchAction","target":{"@type":"EntryPoint","urlTemplate":"https:\/\/thenaat.pl\/?s={search_term_string}"},"query-input":{"@type":"PropertyValueSpecification","valueRequired":true,"valueName":"search_term_string"}}],"inLanguage":"pl-PL"},{"@type":"Organization","@id":"https:\/\/thenaat.pl\/#organization","name":"The Naat","url":"https:\/\/thenaat.pl\/","logo":{"@type":"ImageObject","inLanguage":"pl-PL","@id":"https:\/\/thenaat.pl\/#\/schema\/logo\/image\/","url":"https:\/\/thenaat.pl\/wp-content\/uploads\/2025\/12\/cropped-Dodaj-naglowek.pdf_pages-to-jpg-0001-1-1.jpg","contentUrl":"https:\/\/thenaat.pl\/wp-content\/uploads\/2025\/12\/cropped-Dodaj-naglowek.pdf_pages-to-jpg-0001-1-1.jpg","width":296,"height":99,"caption":"The Naat"},"image":{"@id":"https:\/\/thenaat.pl\/#\/schema\/logo\/image\/"},"sameAs":["https:\/\/www.facebook.com\/profile.php?id=61556658761413","https:\/\/www.instagram.com\/the__naat\/"]}]}},"jetpack_sharing_enabled":true,"_links":{"self":[{"href":"https:\/\/thenaat.pl\/index.php\/wp-json\/wp\/v2\/product\/488","targetHints":{"allow":["GET"]}}],"collection":[{"href":"https:\/\/thenaat.pl\/index.php\/wp-json\/wp\/v2\/product"}],"about":[{"href":"https:\/\/thenaat.pl\/index.php\/wp-json\/wp\/v2\/types\/product"}],"wp:featuredmedia":[{"embeddable":true,"href":"https:\/\/thenaat.pl\/index.php\/wp-json\/wp\/v2\/media\/485"}],"wp:attachment":[{"href":"https:\/\/thenaat.pl\/index.php\/wp-json\/wp\/v2\/media?parent=488"}],"wp:term":[{"taxonomy":"product_brand","embeddable":true,"href":"https:\/\/thenaat.pl\/index.php\/wp-json\/wp\/v2\/product_brand?post=488"},{"taxonomy":"product_cat","embeddable":true,"href":"https:\/\/thenaat.pl\/index.php\/wp-json\/wp\/v2\/product_cat?post=488"},{"taxonomy":"product_tag","embeddable":true,"href":"https:\/\/thenaat.pl\/index.php\/wp-json\/wp\/v2\/product_tag?post=488"}],"curies":[{"name":"wp","href":"https:\/\/api.w.org\/{rel}","templated":true}]}}