{"id":471,"date":"2026-01-31T17:37:35","date_gmt":"2026-01-31T16:37:35","guid":{"rendered":"https:\/\/thenaat.pl\/?post_type=product&#038;p=471"},"modified":"2026-01-31T17:38:54","modified_gmt":"2026-01-31T16:38:54","slug":"swieca-aniolek","status":"publish","type":"product","link":"https:\/\/thenaat.pl\/index.php\/produkt\/swieca-aniolek\/","title":{"rendered":"\u015awieca ANIO\u0141EK"},"content":{"rendered":"<h3>Dlaczego wosk sojowy?<\/h3>\n<p>\u2022 jest naturalny i ekologiczny,<br \/>\n\u2022 biodegradowalny i przyjazny dla \u015brodowiska,<br \/>\n\u2022 nie zawiera toksyn,<br \/>\n\u2022 pali si\u0119 czysto i wolniej ni\u017c parafina.<\/p>\n<p>&nbsp;<\/p>\n<p><strong>Dane \u015bwiecy:<\/strong><\/p>\n<p>\u2022 <strong>materia\u0142<\/strong>: wosk sojowy<br \/>\n\u2022 <strong>zapach<\/strong>: brak<br \/>\n\u2022 <strong>waga<\/strong>: 59g<br \/>\n\u2022 <strong>wymiary<\/strong>:<br \/>\n\u2022 <strong>rodzaj<\/strong>: \u015bwieca wolnostoj\u0105ca( dekoracyjna)<\/p>\n<h2><img decoding=\"async\" class=\"emoji\" role=\"img\" draggable=\"false\" src=\"https:\/\/s.w.org\/images\/core\/emoji\/17.0.2\/svg\/2139.svg\" alt=\"\u2139\" \/> Informacja dotycz\u0105ca u\u017cytkowania:<\/h2>\n<p style=\"text-align: right;\"><span style=\"color: #ff0000;\"><strong>\u015awieca jest modelem wolnostoj\u0105cym, dlatego podczas palenia nale\u017cy umie\u015bci\u0107 j\u0105 na odpowiedniej podstawce. W trakcie spalania wosk mo\u017ce sp\u0142ywa\u0107 na boki \u2014 jest to naturalna cecha \u015bwiec bez pojemnika. Zalecamy stosowanie stabilnych, odpornych na wysok\u0105 temperatur\u0119 podk\u0142adek.<\/strong><\/span><\/p>\n<p style=\"text-align: right;\"><span style=\"color: #ff0000;\"><strong>Nie pozostawiaj zapalonej \u015bwiecy bez nadzoru. Przechowuj i u\u017cywaj j\u0105 w miejscu niedost\u0119pnym dla dzieci, zwierz\u0105t oraz z dala od materia\u0142\u00f3w \u0142atwopalnych. Produkt ma charakter dekoracyjny, jednak przy zachowaniu zasad bezpiecze\u0144stwa mo\u017ce by\u0107 r\u00f3wnie\u017c u\u017cytkowany zgodnie z przeznaczeniem.<\/strong><\/span><\/p>\n","protected":false},"excerpt":{"rendered":"<p>Uroczy anio\u0142ek wykonany r\u0119cznie z naturalnego wosku sojowego, zapakowany od razu na gotowy prezent. To drobny, ale bardzo symboliczny upominek, kt\u00f3ry pi\u0119knie podkre\u015bli wyj\u0105tkowe chwile.<\/p>\n<p>Idealnie sprawdzi si\u0119 na takie okazje jak CHRZEST, KOMUNIA, BABY SHOWER, ROCZEK czy jako delikatna pami\u0105tka wr\u0119czana od serca.<\/p>\n<p>&nbsp;<\/p>\n<p><strong>*\u015bwieca pakowana jest w widocznym na zdj\u0119ciu opakowaniu<\/strong><\/p>\n","protected":false},"featured_media":472,"template":"","meta":{"site-sidebar-layout":"default","site-content-layout":"","ast-site-content-layout":"default","site-content-style":"default","site-sidebar-style":"default","ast-global-header-display":"","ast-banner-title-visibility":"","ast-main-header-display":"","ast-hfb-above-header-display":"","ast-hfb-below-header-display":"","ast-hfb-mobile-header-display":"","site-post-title":"","ast-breadcrumbs-content":"","ast-featured-img":"","footer-sml-layout":"","ast-disable-related-posts":"","theme-transparent-header-meta":"default","adv-header-id-meta":"","stick-header-meta":"","header-above-stick-meta":"","header-main-stick-meta":"","header-below-stick-meta":"","astra-migrate-meta-layouts":"set","ast-page-background-enabled":"default","ast-page-background-meta":{"desktop":{"background-color":"var(--ast-global-color-5)","background-image":"","background-repeat":"repeat","background-position":"center center","background-size":"auto","background-attachment":"scroll","background-type":"","background-media":"","overlay-type":"","overlay-color":"","overlay-opacity":"","overlay-gradient":""},"tablet":{"background-color":"","background-image":"","background-repeat":"repeat","background-position":"center center","background-size":"auto","background-attachment":"scroll","background-type":"","background-media":"","overlay-type":"","overlay-color":"","overlay-opacity":"","overlay-gradient":""},"mobile":{"background-color":"","background-image":"","background-repeat":"repeat","background-position":"center center","background-size":"auto","background-attachment":"scroll","background-type":"","background-media":"","overlay-type":"","overlay-color":"","overlay-opacity":"","overlay-gradient":""}},"ast-content-background-meta":{"desktop":{"background-color":"var(--ast-global-color-4)","background-image":"","background-repeat":"repeat","background-position":"center center","background-size":"auto","background-attachment":"scroll","background-type":"","background-media":"","overlay-type":"","overlay-color":"","overlay-opacity":"","overlay-gradient":""},"tablet":{"background-color":"var(--ast-global-color-4)","background-image":"","background-repeat":"repeat","background-position":"center center","background-size":"auto","background-attachment":"scroll","background-type":"","background-media":"","overlay-type":"","overlay-color":"","overlay-opacity":"","overlay-gradient":""},"mobile":{"background-color":"var(--ast-global-color-4)","background-image":"","background-repeat":"repeat","background-position":"center center","background-size":"auto","background-attachment":"scroll","background-type":"","background-media":"","overlay-type":"","overlay-color":"","overlay-opacity":"","overlay-gradient":""}}},"product_brand":[],"product_cat":[21],"product_tag":[],"class_list":{"0":"post-471","1":"product","2":"type-product","3":"status-publish","4":"has-post-thumbnail","6":"product_cat-zestawy","7":"desktop-align-left","8":"tablet-align-left","9":"mobile-align-left","11":"first","12":"instock","13":"shipping-taxable","14":"purchasable","15":"product-type-simple"},"yoast_head":"<!-- This site is optimized with the Yoast SEO plugin v27.1.1 - https:\/\/yoast.com\/product\/yoast-seo-wordpress\/ -->\n<title>\u015awieca ANIO\u0141EK - The Naat<\/title>\n<meta name=\"robots\" content=\"index, follow, max-snippet:-1, max-image-preview:large, max-video-preview:-1\" \/>\n<link rel=\"canonical\" href=\"https:\/\/thenaat.pl\/index.php\/produkt\/swieca-aniolek\/\" \/>\n<meta property=\"og:locale\" content=\"pl_PL\" \/>\n<meta property=\"og:type\" content=\"article\" \/>\n<meta property=\"og:title\" content=\"\u015awieca ANIO\u0141EK - The Naat\" \/>\n<meta property=\"og:description\" content=\"Uroczy anio\u0142ek wykonany r\u0119cznie z naturalnego wosku sojowego, zapakowany od razu na gotowy prezent. To drobny, ale bardzo symboliczny upominek, kt\u00f3ry pi\u0119knie podkre\u015bli wyj\u0105tkowe chwile.  Idealnie sprawdzi si\u0119 na takie okazje jak CHRZEST, KOMUNIA, BABY SHOWER, ROCZEK czy jako delikatna pami\u0105tka wr\u0119czana od serca.  &nbsp;  *\u015bwieca pakowana jest w widocznym na zdj\u0119ciu opakowaniu\" \/>\n<meta property=\"og:url\" content=\"https:\/\/thenaat.pl\/index.php\/produkt\/swieca-aniolek\/\" \/>\n<meta property=\"og:site_name\" content=\"The Naat\" \/>\n<meta property=\"article:publisher\" content=\"https:\/\/www.facebook.com\/profile.php?id=61556658761413\" \/>\n<meta property=\"article:modified_time\" content=\"2026-01-31T16:38:54+00:00\" \/>\n<meta property=\"og:image\" content=\"https:\/\/thenaat.pl\/wp-content\/uploads\/2026\/01\/IMG_3524-scaled-e1769877420461.jpeg\" \/>\n\t<meta property=\"og:image:width\" content=\"1395\" \/>\n\t<meta property=\"og:image:height\" content=\"2428\" \/>\n\t<meta property=\"og:image:type\" content=\"image\/jpeg\" \/>\n<meta name=\"twitter:card\" content=\"summary_large_image\" \/>\n<meta name=\"twitter:label1\" content=\"Szacowany czas czytania\" \/>\n\t<meta name=\"twitter:data1\" content=\"2 minuty\" \/>\n<script type=\"application\/ld+json\" class=\"yoast-schema-graph\">{\"@context\":\"https:\/\/schema.org\",\"@graph\":[{\"@type\":\"WebPage\",\"@id\":\"https:\/\/thenaat.pl\/index.php\/produkt\/swieca-aniolek\/\",\"url\":\"https:\/\/thenaat.pl\/index.php\/produkt\/swieca-aniolek\/\",\"name\":\"\u015awieca ANIO\u0141EK - The Naat\",\"isPartOf\":{\"@id\":\"https:\/\/thenaat.pl\/#website\"},\"primaryImageOfPage\":{\"@id\":\"https:\/\/thenaat.pl\/index.php\/produkt\/swieca-aniolek\/#primaryimage\"},\"image\":{\"@id\":\"https:\/\/thenaat.pl\/index.php\/produkt\/swieca-aniolek\/#primaryimage\"},\"thumbnailUrl\":\"https:\/\/thenaat.pl\/wp-content\/uploads\/2026\/01\/IMG_3524-scaled-e1769877420461.jpeg\",\"datePublished\":\"2026-01-31T16:37:35+00:00\",\"dateModified\":\"2026-01-31T16:38:54+00:00\",\"breadcrumb\":{\"@id\":\"https:\/\/thenaat.pl\/index.php\/produkt\/swieca-aniolek\/#breadcrumb\"},\"inLanguage\":\"pl-PL\",\"potentialAction\":[{\"@type\":\"ReadAction\",\"target\":[\"https:\/\/thenaat.pl\/index.php\/produkt\/swieca-aniolek\/\"]}]},{\"@type\":\"ImageObject\",\"inLanguage\":\"pl-PL\",\"@id\":\"https:\/\/thenaat.pl\/index.php\/produkt\/swieca-aniolek\/#primaryimage\",\"url\":\"https:\/\/thenaat.pl\/wp-content\/uploads\/2026\/01\/IMG_3524-scaled-e1769877420461.jpeg\",\"contentUrl\":\"https:\/\/thenaat.pl\/wp-content\/uploads\/2026\/01\/IMG_3524-scaled-e1769877420461.jpeg\",\"width\":1395,\"height\":2428},{\"@type\":\"BreadcrumbList\",\"@id\":\"https:\/\/thenaat.pl\/index.php\/produkt\/swieca-aniolek\/#breadcrumb\",\"itemListElement\":[{\"@type\":\"ListItem\",\"position\":1,\"name\":\"Strona g\u0142\u00f3wna\",\"item\":\"https:\/\/thenaat.pl\/\"},{\"@type\":\"ListItem\",\"position\":2,\"name\":\"Sklep\",\"item\":\"https:\/\/thenaat.pl\/index.php\/sklep\/\"},{\"@type\":\"ListItem\",\"position\":3,\"name\":\"\u015awieca ANIO\u0141EK\"}]},{\"@type\":\"WebSite\",\"@id\":\"https:\/\/thenaat.pl\/#website\",\"url\":\"https:\/\/thenaat.pl\/\",\"name\":\"The Naat\",\"description\":\"\",\"publisher\":{\"@id\":\"https:\/\/thenaat.pl\/#organization\"},\"potentialAction\":[{\"@type\":\"SearchAction\",\"target\":{\"@type\":\"EntryPoint\",\"urlTemplate\":\"https:\/\/thenaat.pl\/?s={search_term_string}\"},\"query-input\":{\"@type\":\"PropertyValueSpecification\",\"valueRequired\":true,\"valueName\":\"search_term_string\"}}],\"inLanguage\":\"pl-PL\"},{\"@type\":\"Organization\",\"@id\":\"https:\/\/thenaat.pl\/#organization\",\"name\":\"The Naat\",\"url\":\"https:\/\/thenaat.pl\/\",\"logo\":{\"@type\":\"ImageObject\",\"inLanguage\":\"pl-PL\",\"@id\":\"https:\/\/thenaat.pl\/#\/schema\/logo\/image\/\",\"url\":\"https:\/\/thenaat.pl\/wp-content\/uploads\/2025\/12\/cropped-Dodaj-naglowek.pdf_pages-to-jpg-0001-1-1.jpg\",\"contentUrl\":\"https:\/\/thenaat.pl\/wp-content\/uploads\/2025\/12\/cropped-Dodaj-naglowek.pdf_pages-to-jpg-0001-1-1.jpg\",\"width\":296,\"height\":99,\"caption\":\"The Naat\"},\"image\":{\"@id\":\"https:\/\/thenaat.pl\/#\/schema\/logo\/image\/\"},\"sameAs\":[\"https:\/\/www.facebook.com\/profile.php?id=61556658761413\",\"https:\/\/www.instagram.com\/the__naat\/\"]}]}<\/script>\n<!-- \/ Yoast SEO plugin. -->","yoast_head_json":{"title":"\u015awieca ANIO\u0141EK - The Naat","robots":{"index":"index","follow":"follow","max-snippet":"max-snippet:-1","max-image-preview":"max-image-preview:large","max-video-preview":"max-video-preview:-1"},"canonical":"https:\/\/thenaat.pl\/index.php\/produkt\/swieca-aniolek\/","og_locale":"pl_PL","og_type":"article","og_title":"\u015awieca ANIO\u0141EK - The Naat","og_description":"Uroczy anio\u0142ek wykonany r\u0119cznie z naturalnego wosku sojowego, zapakowany od razu na gotowy prezent. To drobny, ale bardzo symboliczny upominek, kt\u00f3ry pi\u0119knie podkre\u015bli wyj\u0105tkowe chwile.  Idealnie sprawdzi si\u0119 na takie okazje jak CHRZEST, KOMUNIA, BABY SHOWER, ROCZEK czy jako delikatna pami\u0105tka wr\u0119czana od serca.  &nbsp;  *\u015bwieca pakowana jest w widocznym na zdj\u0119ciu opakowaniu","og_url":"https:\/\/thenaat.pl\/index.php\/produkt\/swieca-aniolek\/","og_site_name":"The Naat","article_publisher":"https:\/\/www.facebook.com\/profile.php?id=61556658761413","article_modified_time":"2026-01-31T16:38:54+00:00","og_image":[{"width":1395,"height":2428,"url":"https:\/\/thenaat.pl\/wp-content\/uploads\/2026\/01\/IMG_3524-scaled-e1769877420461.jpeg","type":"image\/jpeg"}],"twitter_card":"summary_large_image","twitter_misc":{"Szacowany czas czytania":"2 minuty"},"schema":{"@context":"https:\/\/schema.org","@graph":[{"@type":"WebPage","@id":"https:\/\/thenaat.pl\/index.php\/produkt\/swieca-aniolek\/","url":"https:\/\/thenaat.pl\/index.php\/produkt\/swieca-aniolek\/","name":"\u015awieca ANIO\u0141EK - The Naat","isPartOf":{"@id":"https:\/\/thenaat.pl\/#website"},"primaryImageOfPage":{"@id":"https:\/\/thenaat.pl\/index.php\/produkt\/swieca-aniolek\/#primaryimage"},"image":{"@id":"https:\/\/thenaat.pl\/index.php\/produkt\/swieca-aniolek\/#primaryimage"},"thumbnailUrl":"https:\/\/thenaat.pl\/wp-content\/uploads\/2026\/01\/IMG_3524-scaled-e1769877420461.jpeg","datePublished":"2026-01-31T16:37:35+00:00","dateModified":"2026-01-31T16:38:54+00:00","breadcrumb":{"@id":"https:\/\/thenaat.pl\/index.php\/produkt\/swieca-aniolek\/#breadcrumb"},"inLanguage":"pl-PL","potentialAction":[{"@type":"ReadAction","target":["https:\/\/thenaat.pl\/index.php\/produkt\/swieca-aniolek\/"]}]},{"@type":"ImageObject","inLanguage":"pl-PL","@id":"https:\/\/thenaat.pl\/index.php\/produkt\/swieca-aniolek\/#primaryimage","url":"https:\/\/thenaat.pl\/wp-content\/uploads\/2026\/01\/IMG_3524-scaled-e1769877420461.jpeg","contentUrl":"https:\/\/thenaat.pl\/wp-content\/uploads\/2026\/01\/IMG_3524-scaled-e1769877420461.jpeg","width":1395,"height":2428},{"@type":"BreadcrumbList","@id":"https:\/\/thenaat.pl\/index.php\/produkt\/swieca-aniolek\/#breadcrumb","itemListElement":[{"@type":"ListItem","position":1,"name":"Strona g\u0142\u00f3wna","item":"https:\/\/thenaat.pl\/"},{"@type":"ListItem","position":2,"name":"Sklep","item":"https:\/\/thenaat.pl\/index.php\/sklep\/"},{"@type":"ListItem","position":3,"name":"\u015awieca ANIO\u0141EK"}]},{"@type":"WebSite","@id":"https:\/\/thenaat.pl\/#website","url":"https:\/\/thenaat.pl\/","name":"The Naat","description":"","publisher":{"@id":"https:\/\/thenaat.pl\/#organization"},"potentialAction":[{"@type":"SearchAction","target":{"@type":"EntryPoint","urlTemplate":"https:\/\/thenaat.pl\/?s={search_term_string}"},"query-input":{"@type":"PropertyValueSpecification","valueRequired":true,"valueName":"search_term_string"}}],"inLanguage":"pl-PL"},{"@type":"Organization","@id":"https:\/\/thenaat.pl\/#organization","name":"The Naat","url":"https:\/\/thenaat.pl\/","logo":{"@type":"ImageObject","inLanguage":"pl-PL","@id":"https:\/\/thenaat.pl\/#\/schema\/logo\/image\/","url":"https:\/\/thenaat.pl\/wp-content\/uploads\/2025\/12\/cropped-Dodaj-naglowek.pdf_pages-to-jpg-0001-1-1.jpg","contentUrl":"https:\/\/thenaat.pl\/wp-content\/uploads\/2025\/12\/cropped-Dodaj-naglowek.pdf_pages-to-jpg-0001-1-1.jpg","width":296,"height":99,"caption":"The Naat"},"image":{"@id":"https:\/\/thenaat.pl\/#\/schema\/logo\/image\/"},"sameAs":["https:\/\/www.facebook.com\/profile.php?id=61556658761413","https:\/\/www.instagram.com\/the__naat\/"]}]}},"jetpack_sharing_enabled":true,"_links":{"self":[{"href":"https:\/\/thenaat.pl\/index.php\/wp-json\/wp\/v2\/product\/471","targetHints":{"allow":["GET"]}}],"collection":[{"href":"https:\/\/thenaat.pl\/index.php\/wp-json\/wp\/v2\/product"}],"about":[{"href":"https:\/\/thenaat.pl\/index.php\/wp-json\/wp\/v2\/types\/product"}],"wp:featuredmedia":[{"embeddable":true,"href":"https:\/\/thenaat.pl\/index.php\/wp-json\/wp\/v2\/media\/472"}],"wp:attachment":[{"href":"https:\/\/thenaat.pl\/index.php\/wp-json\/wp\/v2\/media?parent=471"}],"wp:term":[{"taxonomy":"product_brand","embeddable":true,"href":"https:\/\/thenaat.pl\/index.php\/wp-json\/wp\/v2\/product_brand?post=471"},{"taxonomy":"product_cat","embeddable":true,"href":"https:\/\/thenaat.pl\/index.php\/wp-json\/wp\/v2\/product_cat?post=471"},{"taxonomy":"product_tag","embeddable":true,"href":"https:\/\/thenaat.pl\/index.php\/wp-json\/wp\/v2\/product_tag?post=471"}],"curies":[{"name":"wp","href":"https:\/\/api.w.org\/{rel}","templated":true}]}}