{"id":291,"date":"2026-01-04T18:48:29","date_gmt":"2026-01-04T17:48:29","guid":{"rendered":"https:\/\/thenaat.pl\/?post_type=product&#038;p=291"},"modified":"2026-02-22T10:58:34","modified_gmt":"2026-02-22T09:58:34","slug":"stworz-wlasnego-flower-boxa-l","status":"publish","type":"product","link":"https:\/\/thenaat.pl\/index.php\/produkt\/stworz-wlasnego-flower-boxa-l\/","title":{"rendered":"Stw\u00f3rz w\u0142asnego flower boxa- L"},"content":{"rendered":"<p>Na podstawie Twojego opisu stworzymy unikatow\u0105 kompozycj\u0119, dopasowan\u0105 specjalnie dla Ciebie <img decoding=\"async\" class=\"emoji\" role=\"img\" draggable=\"false\" src=\"https:\/\/s.w.org\/images\/core\/emoji\/17.0.2\/svg\/1f90d.svg\" alt=\"\ud83e\udd0d\" \/><br \/>\nZawsze staramy si\u0119 uwzgl\u0119dni\u0107 wszystkie mo\u017cliwe propozycje i sugestie, aby efekt ko\u0144cowy spe\u0142ni\u0142 Twoje oczekiwania w 100%.<\/p>\n<h3><img decoding=\"async\" class=\"emoji\" role=\"img\" draggable=\"false\" src=\"https:\/\/s.w.org\/images\/core\/emoji\/17.0.2\/svg\/2728.svg\" alt=\"\u2728\" \/> Dlaczego warto?<br \/>\n\u2022 pe\u0142na personalizacja<br \/>\n\u2022 wyj\u0105tkowy, niepowtarzalny efekt<br \/>\n\u2022 idealny na prezent lub jako dekoracja<br \/>\n\u2022 tworzony z dba\u0142o\u015bci\u0105 o ka\u017cdy detal<\/h3>\n<p>&nbsp;<\/p>\n<p>Ka\u017cdy Flower Box powstaje z sercem i zaanga\u017cowaniem, dlatego nie ma dw\u00f3ch takich samych kompozycji <img decoding=\"async\" class=\"emoji\" role=\"img\" draggable=\"false\" src=\"https:\/\/s.w.org\/images\/core\/emoji\/17.0.2\/svg\/1f337.svg\" alt=\"\ud83c\udf37\" \/><br \/>\nJe\u015bli marzysz o czym\u015b naprawd\u0119 wyj\u0105tkowym \u2014 ten produkt jest w\u0142a\u015bnie dla Ciebie.<\/p>\n","protected":false},"excerpt":{"rendered":"<p><strong>Skomponuj sw\u00f3j w\u0142asny Flower Box<\/strong> <img decoding=\"async\" class=\"emoji\" role=\"img\" draggable=\"false\" src=\"https:\/\/s.w.org\/images\/core\/emoji\/17.0.2\/svg\/1f338.svg\" alt=\"\ud83c\udf38\" \/><\/p>\n<p>Nie znalaz\u0142a\u015b \/ nie znalaz\u0142e\u015b na stronie idealnej kolorystyki dla siebie?<br \/>\nTeraz mo\u017cesz samodzielnie stworzy\u0107 sw\u00f3j wymarzony Flower Box, dopasowany dok\u0142adnie do Twojego gustu i okazji <img decoding=\"async\" class=\"emoji\" role=\"img\" draggable=\"false\" src=\"https:\/\/s.w.org\/images\/core\/emoji\/17.0.2\/svg\/2728.svg\" alt=\"\u2728\" \/><\/p>\n<p>To idealna opcja dla os\u00f3b, kt\u00f3re chc\u0105 czego\u015b wyj\u0105tkowego i w pe\u0142ni spersonalizowanego.<\/p>\n<h6>\u00a0Jak to dzia\u0142a?<br \/>\nWystarczy, \u017ce w opisie zam\u00f3wienia:<br \/>\n\u2022 napiszesz jak\u0105 kolorystyk\u0119 ma mie\u0107 kompozycja<br \/>\n\u2022 wybierzesz jaki zapach ma mie\u0107 Tw\u00f3j Flower Box<br \/>\n\u2022 mo\u017cesz r\u00f3wnie\u017c poda\u0107 kolor wst\u0105\u017cki lub inne detale, kt\u00f3re s\u0105 dla Ciebie wa\u017cne (to co b\u0119dzie dla nas mo\u017cliwe postaramy si\u0119 uwzgl\u0119dni\u0107 w Twoim flower boxie)<\/h6>\n","protected":false},"featured_media":290,"template":"","meta":{"site-sidebar-layout":"default","site-content-layout":"","ast-site-content-layout":"default","site-content-style":"default","site-sidebar-style":"default","ast-global-header-display":"","ast-banner-title-visibility":"","ast-main-header-display":"","ast-hfb-above-header-display":"","ast-hfb-below-header-display":"","ast-hfb-mobile-header-display":"","site-post-title":"","ast-breadcrumbs-content":"","ast-featured-img":"","footer-sml-layout":"","ast-disable-related-posts":"","theme-transparent-header-meta":"default","adv-header-id-meta":"","stick-header-meta":"","header-above-stick-meta":"","header-main-stick-meta":"","header-below-stick-meta":"","astra-migrate-meta-layouts":"set","ast-page-background-enabled":"default","ast-page-background-meta":{"desktop":{"background-color":"var(--ast-global-color-5)","background-image":"","background-repeat":"repeat","background-position":"center center","background-size":"auto","background-attachment":"scroll","background-type":"","background-media":"","overlay-type":"","overlay-color":"","overlay-opacity":"","overlay-gradient":""},"tablet":{"background-color":"","background-image":"","background-repeat":"repeat","background-position":"center center","background-size":"auto","background-attachment":"scroll","background-type":"","background-media":"","overlay-type":"","overlay-color":"","overlay-opacity":"","overlay-gradient":""},"mobile":{"background-color":"","background-image":"","background-repeat":"repeat","background-position":"center center","background-size":"auto","background-attachment":"scroll","background-type":"","background-media":"","overlay-type":"","overlay-color":"","overlay-opacity":"","overlay-gradient":""}},"ast-content-background-meta":{"desktop":{"background-color":"var(--ast-global-color-4)","background-image":"","background-repeat":"repeat","background-position":"center center","background-size":"auto","background-attachment":"scroll","background-type":"","background-media":"","overlay-type":"","overlay-color":"","overlay-opacity":"","overlay-gradient":""},"tablet":{"background-color":"var(--ast-global-color-4)","background-image":"","background-repeat":"repeat","background-position":"center center","background-size":"auto","background-attachment":"scroll","background-type":"","background-media":"","overlay-type":"","overlay-color":"","overlay-opacity":"","overlay-gradient":""},"mobile":{"background-color":"var(--ast-global-color-4)","background-image":"","background-repeat":"repeat","background-position":"center center","background-size":"auto","background-attachment":"scroll","background-type":"","background-media":"","overlay-type":"","overlay-color":"","overlay-opacity":"","overlay-gradient":""}}},"product_brand":[],"product_cat":[17,27],"product_tag":[],"class_list":{"0":"post-291","1":"product","2":"type-product","3":"status-publish","4":"has-post-thumbnail","6":"product_cat-flower-boxy","7":"product_cat-flower-l","8":"desktop-align-left","9":"tablet-align-left","10":"mobile-align-left","12":"first","13":"instock","14":"shipping-taxable","15":"purchasable","16":"product-type-simple"},"yoast_head":"<!-- This site is optimized with the Yoast SEO plugin v27.1.1 - https:\/\/yoast.com\/product\/yoast-seo-wordpress\/ -->\n<title>Stw\u00f3rz w\u0142asnego flower boxa- L - The Naat<\/title>\n<meta name=\"robots\" content=\"index, follow, max-snippet:-1, max-image-preview:large, max-video-preview:-1\" \/>\n<link rel=\"canonical\" href=\"https:\/\/thenaat.pl\/index.php\/produkt\/stworz-wlasnego-flower-boxa-l\/\" \/>\n<meta property=\"og:locale\" content=\"pl_PL\" \/>\n<meta property=\"og:type\" content=\"article\" \/>\n<meta property=\"og:title\" content=\"Stw\u00f3rz w\u0142asnego flower boxa- L - The Naat\" \/>\n<meta property=\"og:description\" content=\"Skomponuj sw\u00f3j w\u0142asny Flower Box   Nie znalaz\u0142a\u015b \/ nie znalaz\u0142e\u015b na stronie idealnej kolorystyki dla siebie? Teraz mo\u017cesz samodzielnie stworzy\u0107 sw\u00f3j wymarzony Flower Box, dopasowany dok\u0142adnie do Twojego gustu i okazji   To idealna opcja dla os\u00f3b, kt\u00f3re chc\u0105 czego\u015b wyj\u0105tkowego i w pe\u0142ni spersonalizowanego. \u00a0Jak to dzia\u0142a? Wystarczy, \u017ce w opisie zam\u00f3wienia: \u2022 napiszesz jak\u0105 kolorystyk\u0119 ma mie\u0107 kompozycja \u2022 wybierzesz jaki zapach ma mie\u0107 Tw\u00f3j Flower Box \u2022 mo\u017cesz r\u00f3wnie\u017c poda\u0107 kolor wst\u0105\u017cki lub inne detale, kt\u00f3re s\u0105 dla Ciebie wa\u017cne (to co b\u0119dzie dla nas mo\u017cliwe postaramy si\u0119 uwzgl\u0119dni\u0107 w Twoim flower boxie)\" \/>\n<meta property=\"og:url\" content=\"https:\/\/thenaat.pl\/index.php\/produkt\/stworz-wlasnego-flower-boxa-l\/\" \/>\n<meta property=\"og:site_name\" content=\"The Naat\" \/>\n<meta property=\"article:publisher\" content=\"https:\/\/www.facebook.com\/profile.php?id=61556658761413\" \/>\n<meta property=\"article:modified_time\" content=\"2026-02-22T09:58:34+00:00\" \/>\n<meta property=\"og:image\" content=\"https:\/\/thenaat.pl\/wp-content\/uploads\/2026\/01\/Rozowy-Gradient-Przypomnienie-Afirnacja-Post-na-Instagram.png\" \/>\n\t<meta property=\"og:image:width\" content=\"1080\" \/>\n\t<meta property=\"og:image:height\" content=\"1080\" \/>\n\t<meta property=\"og:image:type\" content=\"image\/png\" \/>\n<meta name=\"twitter:card\" content=\"summary_large_image\" \/>\n<meta name=\"twitter:label1\" content=\"Szacowany czas czytania\" \/>\n\t<meta name=\"twitter:data1\" content=\"2 minuty\" \/>\n<script type=\"application\/ld+json\" class=\"yoast-schema-graph\">{\"@context\":\"https:\/\/schema.org\",\"@graph\":[{\"@type\":\"WebPage\",\"@id\":\"https:\/\/thenaat.pl\/index.php\/produkt\/stworz-wlasnego-flower-boxa-l\/\",\"url\":\"https:\/\/thenaat.pl\/index.php\/produkt\/stworz-wlasnego-flower-boxa-l\/\",\"name\":\"Stw\u00f3rz w\u0142asnego flower boxa- L - The Naat\",\"isPartOf\":{\"@id\":\"https:\/\/thenaat.pl\/#website\"},\"primaryImageOfPage\":{\"@id\":\"https:\/\/thenaat.pl\/index.php\/produkt\/stworz-wlasnego-flower-boxa-l\/#primaryimage\"},\"image\":{\"@id\":\"https:\/\/thenaat.pl\/index.php\/produkt\/stworz-wlasnego-flower-boxa-l\/#primaryimage\"},\"thumbnailUrl\":\"https:\/\/thenaat.pl\/wp-content\/uploads\/2026\/01\/Rozowy-Gradient-Przypomnienie-Afirnacja-Post-na-Instagram.png\",\"datePublished\":\"2026-01-04T17:48:29+00:00\",\"dateModified\":\"2026-02-22T09:58:34+00:00\",\"breadcrumb\":{\"@id\":\"https:\/\/thenaat.pl\/index.php\/produkt\/stworz-wlasnego-flower-boxa-l\/#breadcrumb\"},\"inLanguage\":\"pl-PL\",\"potentialAction\":[{\"@type\":\"ReadAction\",\"target\":[\"https:\/\/thenaat.pl\/index.php\/produkt\/stworz-wlasnego-flower-boxa-l\/\"]}]},{\"@type\":\"ImageObject\",\"inLanguage\":\"pl-PL\",\"@id\":\"https:\/\/thenaat.pl\/index.php\/produkt\/stworz-wlasnego-flower-boxa-l\/#primaryimage\",\"url\":\"https:\/\/thenaat.pl\/wp-content\/uploads\/2026\/01\/Rozowy-Gradient-Przypomnienie-Afirnacja-Post-na-Instagram.png\",\"contentUrl\":\"https:\/\/thenaat.pl\/wp-content\/uploads\/2026\/01\/Rozowy-Gradient-Przypomnienie-Afirnacja-Post-na-Instagram.png\",\"width\":1080,\"height\":1080},{\"@type\":\"BreadcrumbList\",\"@id\":\"https:\/\/thenaat.pl\/index.php\/produkt\/stworz-wlasnego-flower-boxa-l\/#breadcrumb\",\"itemListElement\":[{\"@type\":\"ListItem\",\"position\":1,\"name\":\"Strona g\u0142\u00f3wna\",\"item\":\"https:\/\/thenaat.pl\/\"},{\"@type\":\"ListItem\",\"position\":2,\"name\":\"Sklep\",\"item\":\"https:\/\/thenaat.pl\/index.php\/sklep\/\"},{\"@type\":\"ListItem\",\"position\":3,\"name\":\"Stw\u00f3rz w\u0142asnego flower boxa- L\"}]},{\"@type\":\"WebSite\",\"@id\":\"https:\/\/thenaat.pl\/#website\",\"url\":\"https:\/\/thenaat.pl\/\",\"name\":\"The Naat\",\"description\":\"\",\"publisher\":{\"@id\":\"https:\/\/thenaat.pl\/#organization\"},\"potentialAction\":[{\"@type\":\"SearchAction\",\"target\":{\"@type\":\"EntryPoint\",\"urlTemplate\":\"https:\/\/thenaat.pl\/?s={search_term_string}\"},\"query-input\":{\"@type\":\"PropertyValueSpecification\",\"valueRequired\":true,\"valueName\":\"search_term_string\"}}],\"inLanguage\":\"pl-PL\"},{\"@type\":\"Organization\",\"@id\":\"https:\/\/thenaat.pl\/#organization\",\"name\":\"The Naat\",\"url\":\"https:\/\/thenaat.pl\/\",\"logo\":{\"@type\":\"ImageObject\",\"inLanguage\":\"pl-PL\",\"@id\":\"https:\/\/thenaat.pl\/#\/schema\/logo\/image\/\",\"url\":\"https:\/\/thenaat.pl\/wp-content\/uploads\/2025\/12\/cropped-Dodaj-naglowek.pdf_pages-to-jpg-0001-1-1.jpg\",\"contentUrl\":\"https:\/\/thenaat.pl\/wp-content\/uploads\/2025\/12\/cropped-Dodaj-naglowek.pdf_pages-to-jpg-0001-1-1.jpg\",\"width\":296,\"height\":99,\"caption\":\"The Naat\"},\"image\":{\"@id\":\"https:\/\/thenaat.pl\/#\/schema\/logo\/image\/\"},\"sameAs\":[\"https:\/\/www.facebook.com\/profile.php?id=61556658761413\",\"https:\/\/www.instagram.com\/the__naat\/\"]}]}<\/script>\n<!-- \/ Yoast SEO plugin. -->","yoast_head_json":{"title":"Stw\u00f3rz w\u0142asnego flower boxa- L - The Naat","robots":{"index":"index","follow":"follow","max-snippet":"max-snippet:-1","max-image-preview":"max-image-preview:large","max-video-preview":"max-video-preview:-1"},"canonical":"https:\/\/thenaat.pl\/index.php\/produkt\/stworz-wlasnego-flower-boxa-l\/","og_locale":"pl_PL","og_type":"article","og_title":"Stw\u00f3rz w\u0142asnego flower boxa- L - The Naat","og_description":"Skomponuj sw\u00f3j w\u0142asny Flower Box   Nie znalaz\u0142a\u015b \/ nie znalaz\u0142e\u015b na stronie idealnej kolorystyki dla siebie? Teraz mo\u017cesz samodzielnie stworzy\u0107 sw\u00f3j wymarzony Flower Box, dopasowany dok\u0142adnie do Twojego gustu i okazji   To idealna opcja dla os\u00f3b, kt\u00f3re chc\u0105 czego\u015b wyj\u0105tkowego i w pe\u0142ni spersonalizowanego. \u00a0Jak to dzia\u0142a? Wystarczy, \u017ce w opisie zam\u00f3wienia: \u2022 napiszesz jak\u0105 kolorystyk\u0119 ma mie\u0107 kompozycja \u2022 wybierzesz jaki zapach ma mie\u0107 Tw\u00f3j Flower Box \u2022 mo\u017cesz r\u00f3wnie\u017c poda\u0107 kolor wst\u0105\u017cki lub inne detale, kt\u00f3re s\u0105 dla Ciebie wa\u017cne (to co b\u0119dzie dla nas mo\u017cliwe postaramy si\u0119 uwzgl\u0119dni\u0107 w Twoim flower boxie)","og_url":"https:\/\/thenaat.pl\/index.php\/produkt\/stworz-wlasnego-flower-boxa-l\/","og_site_name":"The Naat","article_publisher":"https:\/\/www.facebook.com\/profile.php?id=61556658761413","article_modified_time":"2026-02-22T09:58:34+00:00","og_image":[{"width":1080,"height":1080,"url":"https:\/\/thenaat.pl\/wp-content\/uploads\/2026\/01\/Rozowy-Gradient-Przypomnienie-Afirnacja-Post-na-Instagram.png","type":"image\/png"}],"twitter_card":"summary_large_image","twitter_misc":{"Szacowany czas czytania":"2 minuty"},"schema":{"@context":"https:\/\/schema.org","@graph":[{"@type":"WebPage","@id":"https:\/\/thenaat.pl\/index.php\/produkt\/stworz-wlasnego-flower-boxa-l\/","url":"https:\/\/thenaat.pl\/index.php\/produkt\/stworz-wlasnego-flower-boxa-l\/","name":"Stw\u00f3rz w\u0142asnego flower boxa- L - The Naat","isPartOf":{"@id":"https:\/\/thenaat.pl\/#website"},"primaryImageOfPage":{"@id":"https:\/\/thenaat.pl\/index.php\/produkt\/stworz-wlasnego-flower-boxa-l\/#primaryimage"},"image":{"@id":"https:\/\/thenaat.pl\/index.php\/produkt\/stworz-wlasnego-flower-boxa-l\/#primaryimage"},"thumbnailUrl":"https:\/\/thenaat.pl\/wp-content\/uploads\/2026\/01\/Rozowy-Gradient-Przypomnienie-Afirnacja-Post-na-Instagram.png","datePublished":"2026-01-04T17:48:29+00:00","dateModified":"2026-02-22T09:58:34+00:00","breadcrumb":{"@id":"https:\/\/thenaat.pl\/index.php\/produkt\/stworz-wlasnego-flower-boxa-l\/#breadcrumb"},"inLanguage":"pl-PL","potentialAction":[{"@type":"ReadAction","target":["https:\/\/thenaat.pl\/index.php\/produkt\/stworz-wlasnego-flower-boxa-l\/"]}]},{"@type":"ImageObject","inLanguage":"pl-PL","@id":"https:\/\/thenaat.pl\/index.php\/produkt\/stworz-wlasnego-flower-boxa-l\/#primaryimage","url":"https:\/\/thenaat.pl\/wp-content\/uploads\/2026\/01\/Rozowy-Gradient-Przypomnienie-Afirnacja-Post-na-Instagram.png","contentUrl":"https:\/\/thenaat.pl\/wp-content\/uploads\/2026\/01\/Rozowy-Gradient-Przypomnienie-Afirnacja-Post-na-Instagram.png","width":1080,"height":1080},{"@type":"BreadcrumbList","@id":"https:\/\/thenaat.pl\/index.php\/produkt\/stworz-wlasnego-flower-boxa-l\/#breadcrumb","itemListElement":[{"@type":"ListItem","position":1,"name":"Strona g\u0142\u00f3wna","item":"https:\/\/thenaat.pl\/"},{"@type":"ListItem","position":2,"name":"Sklep","item":"https:\/\/thenaat.pl\/index.php\/sklep\/"},{"@type":"ListItem","position":3,"name":"Stw\u00f3rz w\u0142asnego flower boxa- L"}]},{"@type":"WebSite","@id":"https:\/\/thenaat.pl\/#website","url":"https:\/\/thenaat.pl\/","name":"The Naat","description":"","publisher":{"@id":"https:\/\/thenaat.pl\/#organization"},"potentialAction":[{"@type":"SearchAction","target":{"@type":"EntryPoint","urlTemplate":"https:\/\/thenaat.pl\/?s={search_term_string}"},"query-input":{"@type":"PropertyValueSpecification","valueRequired":true,"valueName":"search_term_string"}}],"inLanguage":"pl-PL"},{"@type":"Organization","@id":"https:\/\/thenaat.pl\/#organization","name":"The Naat","url":"https:\/\/thenaat.pl\/","logo":{"@type":"ImageObject","inLanguage":"pl-PL","@id":"https:\/\/thenaat.pl\/#\/schema\/logo\/image\/","url":"https:\/\/thenaat.pl\/wp-content\/uploads\/2025\/12\/cropped-Dodaj-naglowek.pdf_pages-to-jpg-0001-1-1.jpg","contentUrl":"https:\/\/thenaat.pl\/wp-content\/uploads\/2025\/12\/cropped-Dodaj-naglowek.pdf_pages-to-jpg-0001-1-1.jpg","width":296,"height":99,"caption":"The Naat"},"image":{"@id":"https:\/\/thenaat.pl\/#\/schema\/logo\/image\/"},"sameAs":["https:\/\/www.facebook.com\/profile.php?id=61556658761413","https:\/\/www.instagram.com\/the__naat\/"]}]}},"jetpack_sharing_enabled":true,"_links":{"self":[{"href":"https:\/\/thenaat.pl\/index.php\/wp-json\/wp\/v2\/product\/291","targetHints":{"allow":["GET"]}}],"collection":[{"href":"https:\/\/thenaat.pl\/index.php\/wp-json\/wp\/v2\/product"}],"about":[{"href":"https:\/\/thenaat.pl\/index.php\/wp-json\/wp\/v2\/types\/product"}],"wp:featuredmedia":[{"embeddable":true,"href":"https:\/\/thenaat.pl\/index.php\/wp-json\/wp\/v2\/media\/290"}],"wp:attachment":[{"href":"https:\/\/thenaat.pl\/index.php\/wp-json\/wp\/v2\/media?parent=291"}],"wp:term":[{"taxonomy":"product_brand","embeddable":true,"href":"https:\/\/thenaat.pl\/index.php\/wp-json\/wp\/v2\/product_brand?post=291"},{"taxonomy":"product_cat","embeddable":true,"href":"https:\/\/thenaat.pl\/index.php\/wp-json\/wp\/v2\/product_cat?post=291"},{"taxonomy":"product_tag","embeddable":true,"href":"https:\/\/thenaat.pl\/index.php\/wp-json\/wp\/v2\/product_tag?post=291"}],"curies":[{"name":"wp","href":"https:\/\/api.w.org\/{rel}","templated":true}]}}