{"id":258,"date":"2026-01-03T20:55:47","date_gmt":"2026-01-03T19:55:47","guid":{"rendered":"https:\/\/thenaat.pl\/?post_type=product&#038;p=258"},"modified":"2026-02-11T21:38:43","modified_gmt":"2026-02-11T20:38:43","slug":"18-on","status":"publish","type":"product","link":"https:\/\/thenaat.pl\/index.php\/produkt\/18-on\/","title":{"rendered":"\u015awieca +18 On"},"content":{"rendered":"<h2>Szukasz idealnego prezentu dla swoich go\u015bci?<\/h2>\n<p>Nasze wyj\u0105tkowe podzi\u0119kowania w postaci uroczych, pachn\u0105cych \u015bwieczek to doskona\u0142y spos\u00f3b, aby wyrazi\u0107 wdzi\u0119czno\u015b\u0107 za obecno\u015b\u0107 w najwa\u017cniejszych chwilach Twojego \u017cycia!<\/p>\n<p>Nasze \u015bwieczki s\u0105 nie tylko pi\u0119kne, ale tak\u017ce aromatyczne i eleganckie \u2014 dodaj\u0105 magii ka\u017cdej uroczysto\u015bci i sprawiaj\u0105, \u017ce go\u015bcie poczuj\u0105 si\u0119 naprawd\u0119 wyj\u0105tkowo.<\/p>\n<p>&nbsp;<\/p>\n<h3>\ud83d\udca1 <strong>Jak z\u0142o\u017cy\u0107 zam\u00f3wienie? To proste!<br \/>\n<\/strong><\/h3>\n<h3><\/h3>\n<p>1. Wybierz rodzaj opakowania<br \/>\n2. Wybierz zapach<br \/>\n3. Wybierz kolor \u015bwiecy<br \/>\n4. Napisz tekst na etykiet\u0119, kt\u00f3ry chcesz umie\u015bci\u0107 np. \u201e Dzi\u0119kujemy za przybycie!\u201d<\/p>\n<p>W kilka chwil stworzysz spersonalizowany prezent, kt\u00f3ry zachwyci Twoich go\u015bci!<\/p>\n<h5>\u00a0Dodatkowe atuty:<\/h5>\n<p>\u2022 s\u0105 praktycznym i mi\u0142ym upominkiem<br \/>\n\u2022 go\u015bcie mog\u0105 zabra\u0107 je do domu i d\u0142ugo cieszy\u0107 si\u0119 zapachem<\/p>\n<p>&nbsp;<\/p>\n<p>\ud83c\udf80 Zam\u00f3w ju\u017c dzi\u015b i spraw, by Twoja uroczysto\u015b\u0107 by\u0142a jeszcze bardziej niezapomniana! \ud83c\udf80<\/p>\n<p>&nbsp;<\/p>\n<h3>Potrzebujesz wi\u0119cej ni\u017c 50 sztuk? Skontaktuj si\u0119 z Nami! Uwzgl\u0119dnimy dla Ciebie rabat!<\/h3>\n","protected":false},"excerpt":{"rendered":"<p>\u015awieca, kt\u00f3ra wywo\u0142a u\u015bmiech na ka\u017cdej twarzy. Idealnie sprawdzi si\u0119 jako podzi\u0119kowania na <strong>PANIE\u0143SKIE<\/strong>, <strong>PREZENT URODZINOWY<\/strong> lub <strong>\u017bARTOBLIWY UPOMINEK<\/strong> dla bliskie Ci osoby. To nietuzinkowy prezent z przymru\u017ceniem oka, kt\u00f3ry na pewno zostanie zapami\u0119tany.<\/p>\n","protected":false},"featured_media":259,"template":"","meta":{"site-sidebar-layout":"default","site-content-layout":"","ast-site-content-layout":"default","site-content-style":"default","site-sidebar-style":"default","ast-global-header-display":"","ast-banner-title-visibility":"","ast-main-header-display":"","ast-hfb-above-header-display":"","ast-hfb-below-header-display":"","ast-hfb-mobile-header-display":"","site-post-title":"","ast-breadcrumbs-content":"","ast-featured-img":"","footer-sml-layout":"","ast-disable-related-posts":"","theme-transparent-header-meta":"default","adv-header-id-meta":"","stick-header-meta":"","header-above-stick-meta":"","header-main-stick-meta":"","header-below-stick-meta":"","astra-migrate-meta-layouts":"set","ast-page-background-enabled":"default","ast-page-background-meta":{"desktop":{"background-color":"var(--ast-global-color-5)","background-image":"","background-repeat":"repeat","background-position":"center center","background-size":"auto","background-attachment":"scroll","background-type":"","background-media":"","overlay-type":"","overlay-color":"","overlay-opacity":"","overlay-gradient":""},"tablet":{"background-color":"","background-image":"","background-repeat":"repeat","background-position":"center center","background-size":"auto","background-attachment":"scroll","background-type":"","background-media":"","overlay-type":"","overlay-color":"","overlay-opacity":"","overlay-gradient":""},"mobile":{"background-color":"","background-image":"","background-repeat":"repeat","background-position":"center center","background-size":"auto","background-attachment":"scroll","background-type":"","background-media":"","overlay-type":"","overlay-color":"","overlay-opacity":"","overlay-gradient":""}},"ast-content-background-meta":{"desktop":{"background-color":"var(--ast-global-color-4)","background-image":"","background-repeat":"repeat","background-position":"center center","background-size":"auto","background-attachment":"scroll","background-type":"","background-media":"","overlay-type":"","overlay-color":"","overlay-opacity":"","overlay-gradient":""},"tablet":{"background-color":"var(--ast-global-color-4)","background-image":"","background-repeat":"repeat","background-position":"center center","background-size":"auto","background-attachment":"scroll","background-type":"","background-media":"","overlay-type":"","overlay-color":"","overlay-opacity":"","overlay-gradient":""},"mobile":{"background-color":"var(--ast-global-color-4)","background-image":"","background-repeat":"repeat","background-position":"center center","background-size":"auto","background-attachment":"scroll","background-type":"","background-media":"","overlay-type":"","overlay-color":"","overlay-opacity":"","overlay-gradient":""}}},"product_brand":[],"product_cat":[23],"product_tag":[],"class_list":{"0":"post-258","1":"product","2":"type-product","3":"status-publish","4":"has-post-thumbnail","6":"product_cat-podziekowania-dla-gosci","7":"desktop-align-left","8":"tablet-align-left","9":"mobile-align-left","11":"first","12":"instock","13":"shipping-taxable","14":"purchasable","15":"product-type-simple"},"yoast_head":"<!-- This site is optimized with the Yoast SEO plugin v27.1.1 - https:\/\/yoast.com\/product\/yoast-seo-wordpress\/ -->\n<title>\u015awieca +18 On - The Naat<\/title>\n<meta name=\"robots\" content=\"index, follow, max-snippet:-1, max-image-preview:large, max-video-preview:-1\" \/>\n<link rel=\"canonical\" href=\"https:\/\/thenaat.pl\/index.php\/produkt\/18-on\/\" \/>\n<meta property=\"og:locale\" content=\"pl_PL\" \/>\n<meta property=\"og:type\" content=\"article\" \/>\n<meta property=\"og:title\" content=\"\u015awieca +18 On - The Naat\" \/>\n<meta property=\"og:description\" content=\"\u015awieca, kt\u00f3ra wywo\u0142a u\u015bmiech na ka\u017cdej twarzy. Idealnie sprawdzi si\u0119 jako podzi\u0119kowania na PANIE\u0143SKIE, PREZENT URODZINOWY lub \u017bARTOBLIWY UPOMINEK dla bliskie Ci osoby. To nietuzinkowy prezent z przymru\u017ceniem oka, kt\u00f3ry na pewno zostanie zapami\u0119tany.\" \/>\n<meta property=\"og:url\" content=\"https:\/\/thenaat.pl\/index.php\/produkt\/18-on\/\" \/>\n<meta property=\"og:site_name\" content=\"The Naat\" \/>\n<meta property=\"article:publisher\" content=\"https:\/\/www.facebook.com\/profile.php?id=61556658761413\" \/>\n<meta property=\"article:modified_time\" content=\"2026-02-11T20:38:43+00:00\" \/>\n<meta property=\"og:image\" content=\"https:\/\/thenaat.pl\/wp-content\/uploads\/2026\/01\/IMG_1409-scaled-e1767469674931.jpeg\" \/>\n\t<meta property=\"og:image:width\" content=\"1412\" \/>\n\t<meta property=\"og:image:height\" content=\"2005\" \/>\n\t<meta property=\"og:image:type\" content=\"image\/jpeg\" \/>\n<meta name=\"twitter:card\" content=\"summary_large_image\" \/>\n<meta name=\"twitter:label1\" content=\"Szacowany czas czytania\" \/>\n\t<meta name=\"twitter:data1\" content=\"2 minuty\" \/>\n<script type=\"application\/ld+json\" class=\"yoast-schema-graph\">{\"@context\":\"https:\/\/schema.org\",\"@graph\":[{\"@type\":\"WebPage\",\"@id\":\"https:\/\/thenaat.pl\/index.php\/produkt\/18-on\/\",\"url\":\"https:\/\/thenaat.pl\/index.php\/produkt\/18-on\/\",\"name\":\"\u015awieca +18 On - The Naat\",\"isPartOf\":{\"@id\":\"https:\/\/thenaat.pl\/#website\"},\"primaryImageOfPage\":{\"@id\":\"https:\/\/thenaat.pl\/index.php\/produkt\/18-on\/#primaryimage\"},\"image\":{\"@id\":\"https:\/\/thenaat.pl\/index.php\/produkt\/18-on\/#primaryimage\"},\"thumbnailUrl\":\"https:\/\/thenaat.pl\/wp-content\/uploads\/2026\/01\/IMG_1409-scaled-e1767469674931.jpeg\",\"datePublished\":\"2026-01-03T19:55:47+00:00\",\"dateModified\":\"2026-02-11T20:38:43+00:00\",\"breadcrumb\":{\"@id\":\"https:\/\/thenaat.pl\/index.php\/produkt\/18-on\/#breadcrumb\"},\"inLanguage\":\"pl-PL\",\"potentialAction\":[{\"@type\":\"ReadAction\",\"target\":[\"https:\/\/thenaat.pl\/index.php\/produkt\/18-on\/\"]}]},{\"@type\":\"ImageObject\",\"inLanguage\":\"pl-PL\",\"@id\":\"https:\/\/thenaat.pl\/index.php\/produkt\/18-on\/#primaryimage\",\"url\":\"https:\/\/thenaat.pl\/wp-content\/uploads\/2026\/01\/IMG_1409-scaled-e1767469674931.jpeg\",\"contentUrl\":\"https:\/\/thenaat.pl\/wp-content\/uploads\/2026\/01\/IMG_1409-scaled-e1767469674931.jpeg\",\"width\":1412,\"height\":2005},{\"@type\":\"BreadcrumbList\",\"@id\":\"https:\/\/thenaat.pl\/index.php\/produkt\/18-on\/#breadcrumb\",\"itemListElement\":[{\"@type\":\"ListItem\",\"position\":1,\"name\":\"Strona g\u0142\u00f3wna\",\"item\":\"https:\/\/thenaat.pl\/\"},{\"@type\":\"ListItem\",\"position\":2,\"name\":\"Sklep\",\"item\":\"https:\/\/thenaat.pl\/index.php\/sklep\/\"},{\"@type\":\"ListItem\",\"position\":3,\"name\":\"\u015awieca +18 On\"}]},{\"@type\":\"WebSite\",\"@id\":\"https:\/\/thenaat.pl\/#website\",\"url\":\"https:\/\/thenaat.pl\/\",\"name\":\"The Naat\",\"description\":\"\",\"publisher\":{\"@id\":\"https:\/\/thenaat.pl\/#organization\"},\"potentialAction\":[{\"@type\":\"SearchAction\",\"target\":{\"@type\":\"EntryPoint\",\"urlTemplate\":\"https:\/\/thenaat.pl\/?s={search_term_string}\"},\"query-input\":{\"@type\":\"PropertyValueSpecification\",\"valueRequired\":true,\"valueName\":\"search_term_string\"}}],\"inLanguage\":\"pl-PL\"},{\"@type\":\"Organization\",\"@id\":\"https:\/\/thenaat.pl\/#organization\",\"name\":\"The Naat\",\"url\":\"https:\/\/thenaat.pl\/\",\"logo\":{\"@type\":\"ImageObject\",\"inLanguage\":\"pl-PL\",\"@id\":\"https:\/\/thenaat.pl\/#\/schema\/logo\/image\/\",\"url\":\"https:\/\/thenaat.pl\/wp-content\/uploads\/2025\/12\/cropped-Dodaj-naglowek.pdf_pages-to-jpg-0001-1-1.jpg\",\"contentUrl\":\"https:\/\/thenaat.pl\/wp-content\/uploads\/2025\/12\/cropped-Dodaj-naglowek.pdf_pages-to-jpg-0001-1-1.jpg\",\"width\":296,\"height\":99,\"caption\":\"The Naat\"},\"image\":{\"@id\":\"https:\/\/thenaat.pl\/#\/schema\/logo\/image\/\"},\"sameAs\":[\"https:\/\/www.facebook.com\/profile.php?id=61556658761413\",\"https:\/\/www.instagram.com\/the__naat\/\"]}]}<\/script>\n<!-- \/ Yoast SEO plugin. -->","yoast_head_json":{"title":"\u015awieca +18 On - The Naat","robots":{"index":"index","follow":"follow","max-snippet":"max-snippet:-1","max-image-preview":"max-image-preview:large","max-video-preview":"max-video-preview:-1"},"canonical":"https:\/\/thenaat.pl\/index.php\/produkt\/18-on\/","og_locale":"pl_PL","og_type":"article","og_title":"\u015awieca +18 On - The Naat","og_description":"\u015awieca, kt\u00f3ra wywo\u0142a u\u015bmiech na ka\u017cdej twarzy. Idealnie sprawdzi si\u0119 jako podzi\u0119kowania na PANIE\u0143SKIE, PREZENT URODZINOWY lub \u017bARTOBLIWY UPOMINEK dla bliskie Ci osoby. To nietuzinkowy prezent z przymru\u017ceniem oka, kt\u00f3ry na pewno zostanie zapami\u0119tany.","og_url":"https:\/\/thenaat.pl\/index.php\/produkt\/18-on\/","og_site_name":"The Naat","article_publisher":"https:\/\/www.facebook.com\/profile.php?id=61556658761413","article_modified_time":"2026-02-11T20:38:43+00:00","og_image":[{"width":1412,"height":2005,"url":"https:\/\/thenaat.pl\/wp-content\/uploads\/2026\/01\/IMG_1409-scaled-e1767469674931.jpeg","type":"image\/jpeg"}],"twitter_card":"summary_large_image","twitter_misc":{"Szacowany czas czytania":"2 minuty"},"schema":{"@context":"https:\/\/schema.org","@graph":[{"@type":"WebPage","@id":"https:\/\/thenaat.pl\/index.php\/produkt\/18-on\/","url":"https:\/\/thenaat.pl\/index.php\/produkt\/18-on\/","name":"\u015awieca +18 On - The Naat","isPartOf":{"@id":"https:\/\/thenaat.pl\/#website"},"primaryImageOfPage":{"@id":"https:\/\/thenaat.pl\/index.php\/produkt\/18-on\/#primaryimage"},"image":{"@id":"https:\/\/thenaat.pl\/index.php\/produkt\/18-on\/#primaryimage"},"thumbnailUrl":"https:\/\/thenaat.pl\/wp-content\/uploads\/2026\/01\/IMG_1409-scaled-e1767469674931.jpeg","datePublished":"2026-01-03T19:55:47+00:00","dateModified":"2026-02-11T20:38:43+00:00","breadcrumb":{"@id":"https:\/\/thenaat.pl\/index.php\/produkt\/18-on\/#breadcrumb"},"inLanguage":"pl-PL","potentialAction":[{"@type":"ReadAction","target":["https:\/\/thenaat.pl\/index.php\/produkt\/18-on\/"]}]},{"@type":"ImageObject","inLanguage":"pl-PL","@id":"https:\/\/thenaat.pl\/index.php\/produkt\/18-on\/#primaryimage","url":"https:\/\/thenaat.pl\/wp-content\/uploads\/2026\/01\/IMG_1409-scaled-e1767469674931.jpeg","contentUrl":"https:\/\/thenaat.pl\/wp-content\/uploads\/2026\/01\/IMG_1409-scaled-e1767469674931.jpeg","width":1412,"height":2005},{"@type":"BreadcrumbList","@id":"https:\/\/thenaat.pl\/index.php\/produkt\/18-on\/#breadcrumb","itemListElement":[{"@type":"ListItem","position":1,"name":"Strona g\u0142\u00f3wna","item":"https:\/\/thenaat.pl\/"},{"@type":"ListItem","position":2,"name":"Sklep","item":"https:\/\/thenaat.pl\/index.php\/sklep\/"},{"@type":"ListItem","position":3,"name":"\u015awieca +18 On"}]},{"@type":"WebSite","@id":"https:\/\/thenaat.pl\/#website","url":"https:\/\/thenaat.pl\/","name":"The Naat","description":"","publisher":{"@id":"https:\/\/thenaat.pl\/#organization"},"potentialAction":[{"@type":"SearchAction","target":{"@type":"EntryPoint","urlTemplate":"https:\/\/thenaat.pl\/?s={search_term_string}"},"query-input":{"@type":"PropertyValueSpecification","valueRequired":true,"valueName":"search_term_string"}}],"inLanguage":"pl-PL"},{"@type":"Organization","@id":"https:\/\/thenaat.pl\/#organization","name":"The Naat","url":"https:\/\/thenaat.pl\/","logo":{"@type":"ImageObject","inLanguage":"pl-PL","@id":"https:\/\/thenaat.pl\/#\/schema\/logo\/image\/","url":"https:\/\/thenaat.pl\/wp-content\/uploads\/2025\/12\/cropped-Dodaj-naglowek.pdf_pages-to-jpg-0001-1-1.jpg","contentUrl":"https:\/\/thenaat.pl\/wp-content\/uploads\/2025\/12\/cropped-Dodaj-naglowek.pdf_pages-to-jpg-0001-1-1.jpg","width":296,"height":99,"caption":"The Naat"},"image":{"@id":"https:\/\/thenaat.pl\/#\/schema\/logo\/image\/"},"sameAs":["https:\/\/www.facebook.com\/profile.php?id=61556658761413","https:\/\/www.instagram.com\/the__naat\/"]}]}},"jetpack_sharing_enabled":true,"_links":{"self":[{"href":"https:\/\/thenaat.pl\/index.php\/wp-json\/wp\/v2\/product\/258","targetHints":{"allow":["GET"]}}],"collection":[{"href":"https:\/\/thenaat.pl\/index.php\/wp-json\/wp\/v2\/product"}],"about":[{"href":"https:\/\/thenaat.pl\/index.php\/wp-json\/wp\/v2\/types\/product"}],"wp:featuredmedia":[{"embeddable":true,"href":"https:\/\/thenaat.pl\/index.php\/wp-json\/wp\/v2\/media\/259"}],"wp:attachment":[{"href":"https:\/\/thenaat.pl\/index.php\/wp-json\/wp\/v2\/media?parent=258"}],"wp:term":[{"taxonomy":"product_brand","embeddable":true,"href":"https:\/\/thenaat.pl\/index.php\/wp-json\/wp\/v2\/product_brand?post=258"},{"taxonomy":"product_cat","embeddable":true,"href":"https:\/\/thenaat.pl\/index.php\/wp-json\/wp\/v2\/product_cat?post=258"},{"taxonomy":"product_tag","embeddable":true,"href":"https:\/\/thenaat.pl\/index.php\/wp-json\/wp\/v2\/product_tag?post=258"}],"curies":[{"name":"wp","href":"https:\/\/api.w.org\/{rel}","templated":true}]}}