{"id":216,"date":"2026-01-02T19:48:17","date_gmt":"2026-01-02T18:48:17","guid":{"rendered":"https:\/\/thenaat.pl\/?post_type=product&#038;p=216"},"modified":"2026-01-04T14:54:34","modified_gmt":"2026-01-04T13:54:34","slug":"flower-box-bezroz-m","status":"publish","type":"product","link":"https:\/\/thenaat.pl\/index.php\/produkt\/flower-box-bezroz-m\/","title":{"rendered":"Flower box BE\u017b+R\u00d3\u017b- M"},"content":{"rendered":"<h1 class=\"p1\"><span class=\"s1\">FLOWER BOX Z WOSKU SOJOWEGO\ud83c\udf38<\/span><\/h1>\n<p class=\"p1\">\n<p class=\"p1\"><span class=\"s1\">\ud83c\udf38 <\/span><span class=\"s2\"><b>Co wyr\u00f3\u017cnia ten produkt?<\/b><\/span><\/p>\n<p class=\"p1\"><span class=\"s1\">Flower boxy z wosku sojowego to alternatywa dla klasycznych kwiat\u00f3w \u2013 nie wi\u0119dn\u0105, a ich zapach cieszy przez d\u0142ugi czas. To produkt, kt\u00f3ry \u0142\u0105czy w sobie estetyk\u0119 luksusowego flower boxa i przyjemno\u015b\u0107 aromaterapii. Idealny dla os\u00f3b ceni\u0105cych naturalne materia\u0142y, r\u0119czne wykonanie i oryginalne dodatki.<\/span><\/p>\n<p class=\"p1\"><span class=\"s1\">\u00a0<\/span><\/p>\n<p class=\"p1\"><span class=\"s1\">\u2022 \ud83c\udf3f Wykonany z naturalnego, ekologicznego wosku sojowego<br \/>\n\u2022 \ud83d\udd6f\ufe0f Produkt zapachowy \u2013 aromat uwalnia si\u0119 stopniowo i d\u0142ugo pozostaje wyczuwalny<br \/>\n\u2022 \ud83c\udf81 Idealny pomys\u0142 na prezent \u2013 na urodziny, rocznic\u0119, \u015bwi\u0119ta czy bez okazji<br \/>\n\u2022 \ud83d\udd90\ufe0f 100% r\u0119kodzie\u0142o \u2013 ka\u017cdy flower box wykonuj\u0119 r\u0119cznie<br \/>\n\u2022 \ud83c\udfe1 Stylowa dekoracja wn\u0119trz \u2013 pi\u0119knie prezentuje si\u0119 w salonie, sypialni czy biurze<br \/>\n\u2022 \ud83d\udc96 Unikalny design \u2013 ka\u017cdy egzemplarz jest jedyny w swoim rodzaju<\/span><\/p>\n<p class=\"p1\"><span class=\"s1\">\u00a0<\/span><\/p>\n<p class=\"p1\"><span class=\"s1\">\ud83d\udccf Wymiary pude\u0142ka:<br \/>\n\u2022 12 x 13 cm<\/span><\/p>\n<p class=\"p1\"><span class=\"s1\">\u00a0<\/span><\/p>\n<p class=\"p1\"><span class=\"s1\">\u00a0<\/span><\/p>\n<h2 class=\"p1\"><span class=\"s2\">INSTRUKCJA U\u017bYTKOWANIA FLOWER BOX\u00d3W\u00a0<\/span><\/h2>\n<p class=\"p1\"><span class=\"s1\">Wszystkie <\/span><span class=\"s2\">Flower Boxy<\/span><span class=\"s1\">, <\/span><span class=\"s2\">Bukiety<\/span><span class=\"s1\"> oraz <\/span><span class=\"s2\">Koperty<\/span><span class=\"s1\"> od The Naat Home Collection tworzone s\u0105 bez dodatk\u00f3w knot\u00f3w w celu bezpiecze\u0144stwa. Woskowe kwiaty oraz figurki przeznaczone s\u0105 tylko i wy\u0142\u0105cznie do rozpuszczenia w kominku ceramicznym.<\/span><\/p>\n<p class=\"p1\"><span class=\"s1\"><br \/>\n<\/span><span class=\"s2\"><b>1<\/b><\/span><span class=\"s1\">. Stosowa\u0107 wy\u0142\u0105cznie w kominkach ceramicznych odpowiednich do wosk\u00f3w.<br \/>\n<\/span><span class=\"s2\"><b>2<\/b><\/span><span class=\"s1\">. Nie dotyka\u0107 rozgrzanego wosku, grozi poparzeniem.<br \/>\n<\/span><span class=\"s2\"><b>3<\/b><\/span><span class=\"s1\"><b>.<\/b> Zalecane jest stosowanie w kominku podgrzewacza tzw. tealight, zgodny z wymaganiami bezpiecze\u0144stwa produktu.<br \/>\n<\/span><span class=\"s2\"><b>4<\/b><\/span><span class=\"s1\">. Stosowa\u0107 w dobrze wentylowanych pomieszczeniach.<br \/>\n<\/span><span class=\"s2\"><b>5.<\/b><\/span><span class=\"s1\"> Osoby z astm\u0105 lub problemami uk\u0142adu oddechowego powinny unika\u0107 stosowania produktu.<br \/>\n<\/span><span class=\"s2\"><b>6<\/b>.<\/span><span class=\"s1\"> W kompozycjach znajduj\u0105 si\u0119 elementy \u0142atwopalne. Unika\u0107 \u017ar\u00f3d\u0142a ognia.<br \/>\n<\/span><span class=\"s2\"><b>7.<\/b><\/span><span class=\"s1\"> Przechowywa\u0107 w temperaturze pokojowej.<br \/>\n<\/span><span class=\"s2\"><b>8<\/b>.<\/span><span class=\"s1\"> Kominek ceramiczny nale\u017cy umieszcza\u0107 na stabilnej, poziomej i odpornej na ciep\u0142o powierzchni, z dala od kraw\u0119dzi. Upewnij si\u0119, \u017ce znajduje si\u0119 w miejscu niedost\u0119pnym dla os\u00f3b z ograniczon\u0105 sprawno\u015bci\u0105 ruchow\u0105, aby zapobiec przypadkowemu przewr\u00f3ceniu si\u0119 i poparzeniem wosku.<br \/>\n<\/span><span class=\"s2\"><b>9<\/b>.<\/span><span class=\"s1\"> Kompozycje kwiatowe zawieraj\u0105 elementy dekoracyjne, kt\u00f3re mog\u0105 wywo\u0142ywa\u0107 alergie lub podra\u017cnienia sk\u00f3ry u wra\u017cliwych os\u00f3b.<br \/>\n<\/span><span class=\"s2\"><b>10<\/b><\/span><span class=\"s1\"><b>.<\/b> Przechowywa\u0107 produkt poza zasi\u0119giem dzieci. Elementy dekoracyjne nie nadaj\u0105 si\u0119 do spo\u017cycia.<br \/>\n<\/span><span class=\"s2\"><b>11<\/b><\/span><span class=\"s1\">. Produkt nie jest zabawk\u0105.<br \/>\n<\/span><span class=\"s2\"><b>12<\/b>.<\/span><span class=\"s1\"> Ro\u015bliny suszone i stabilizowane nale\u017cy utylizowa\u0107 jako odpady organiczne. Elementy plastikowe podlegaj\u0105 recyklingowi.<br \/>\n<\/span><span class=\"s2\"><b>13<\/b>.<\/span><span class=\"s1\"> W kompozycjach znajduj\u0105 si\u0119 ma\u0142e elementy. Chroni\u0107 przed dzie\u0107mi.<br \/>\n<\/span><span class=\"s2\"><b>14<\/b><\/span><span class=\"s1\">. Wyjmowa\u0107 ostro\u017cnie kwiaty z kompozycji, aby si\u0119 nie skaleczy\u0107.<\/span><\/p>\n<p class=\"p1\"><span class=\"s1\">\u00a0<\/span><\/p>\n<p class=\"p1\"><span class=\"s1\">The Naat<br \/>\nHome Collection<\/span><\/p>\n","protected":false},"excerpt":{"rendered":"<p class=\"p1\"><span class=\"s1\"><br \/>\n\ud83c\udf38 Jest to wyj\u0105tkowe po\u0142\u0105czenie estetyki, zapachu i r\u0119kodzie\u0142a. To nie tylko pi\u0119kny prezent dla bliskiej osoby, ale tak\u017ce elegancki dodatek do wn\u0119trza, kt\u00f3ry nadaje przestrzeni ciep\u0142a i wyj\u0105tkowego charakteru.<\/span><\/p>\n<p class=\"p1\"><span class=\"s1\">Ka\u017cdy flower box tworzony jest r\u0119cznie, z ogromn\u0105 dba\u0142o\u015bci\u0105 o detale, dzi\u0119ki czemu ka\u017cdy egzemplarz jest niepowtarzalny. Kompozycja zachwyca swoim designem, a intensywny, przyjemny zapach utrzymuje si\u0119 nawet przez kilka miesi\u0119cy, delikatnie unosz\u0105c si\u0119 w pomieszczeniu.<\/span><\/p>\n<p>&nbsp;<\/p>\n<p class=\"p1\"><span class=\"s1\">\u26a0\ufe0f <strong>Uwaga!<br \/>\n<\/strong><\/span><strong style=\"font-size: 16px; -webkit-text-size-adjust: 100%;\"><span class=\"s1\">Ka\u017cdy flower box jest wykonywany r\u0119cznie, dlatego mo\u017ce r\u00f3\u017cni\u0107 si\u0119 od produktu widocznego na zdj\u0119ciach. R\u00f3\u017cnice w u\u0142o\u017ceniu, kszta\u0142tach kwiat\u00f3w, kolorze lub detalach s\u0105 naturalnym efektem r\u0119kodzie\u0142a i \u015bwiadcz\u0105 o unikalno\u015bci ka\u017cdego egzemplarza.<\/span><\/strong><\/p>\n","protected":false},"featured_media":72,"template":"","meta":{"site-sidebar-layout":"default","site-content-layout":"","ast-site-content-layout":"default","site-content-style":"default","site-sidebar-style":"default","ast-global-header-display":"","ast-banner-title-visibility":"","ast-main-header-display":"","ast-hfb-above-header-display":"","ast-hfb-below-header-display":"","ast-hfb-mobile-header-display":"","site-post-title":"","ast-breadcrumbs-content":"","ast-featured-img":"","footer-sml-layout":"","ast-disable-related-posts":"","theme-transparent-header-meta":"default","adv-header-id-meta":"","stick-header-meta":"","header-above-stick-meta":"","header-main-stick-meta":"","header-below-stick-meta":"","astra-migrate-meta-layouts":"set","ast-page-background-enabled":"default","ast-page-background-meta":{"desktop":{"background-color":"var(--ast-global-color-5)","background-image":"","background-repeat":"repeat","background-position":"center center","background-size":"auto","background-attachment":"scroll","background-type":"","background-media":"","overlay-type":"","overlay-color":"","overlay-opacity":"","overlay-gradient":""},"tablet":{"background-color":"","background-image":"","background-repeat":"repeat","background-position":"center center","background-size":"auto","background-attachment":"scroll","background-type":"","background-media":"","overlay-type":"","overlay-color":"","overlay-opacity":"","overlay-gradient":""},"mobile":{"background-color":"","background-image":"","background-repeat":"repeat","background-position":"center center","background-size":"auto","background-attachment":"scroll","background-type":"","background-media":"","overlay-type":"","overlay-color":"","overlay-opacity":"","overlay-gradient":""}},"ast-content-background-meta":{"desktop":{"background-color":"var(--ast-global-color-4)","background-image":"","background-repeat":"repeat","background-position":"center center","background-size":"auto","background-attachment":"scroll","background-type":"","background-media":"","overlay-type":"","overlay-color":"","overlay-opacity":"","overlay-gradient":""},"tablet":{"background-color":"var(--ast-global-color-4)","background-image":"","background-repeat":"repeat","background-position":"center center","background-size":"auto","background-attachment":"scroll","background-type":"","background-media":"","overlay-type":"","overlay-color":"","overlay-opacity":"","overlay-gradient":""},"mobile":{"background-color":"var(--ast-global-color-4)","background-image":"","background-repeat":"repeat","background-position":"center center","background-size":"auto","background-attachment":"scroll","background-type":"","background-media":"","overlay-type":"","overlay-color":"","overlay-opacity":"","overlay-gradient":""}}},"product_brand":[],"product_cat":[17,26],"product_tag":[],"class_list":{"0":"post-216","1":"product","2":"type-product","3":"status-publish","4":"has-post-thumbnail","6":"product_cat-flower-boxy","7":"product_cat-flower-m","8":"desktop-align-left","9":"tablet-align-left","10":"mobile-align-left","12":"first","13":"instock","14":"shipping-taxable","15":"purchasable","16":"product-type-simple"},"yoast_head":"<!-- This site is optimized with the Yoast SEO plugin v27.1.1 - https:\/\/yoast.com\/product\/yoast-seo-wordpress\/ -->\n<title>Flower box BE\u017b+R\u00d3\u017b- M - The Naat<\/title>\n<meta name=\"robots\" content=\"index, follow, max-snippet:-1, max-image-preview:large, max-video-preview:-1\" \/>\n<link rel=\"canonical\" href=\"https:\/\/thenaat.pl\/index.php\/produkt\/flower-box-bezroz-m\/\" \/>\n<meta property=\"og:locale\" content=\"pl_PL\" \/>\n<meta property=\"og:type\" content=\"article\" \/>\n<meta property=\"og:title\" content=\"Flower box BE\u017b+R\u00d3\u017b- M - The Naat\" \/>\n<meta property=\"og:description\" content=\"\ud83c\udf38 Jest to wyj\u0105tkowe po\u0142\u0105czenie estetyki, zapachu i r\u0119kodzie\u0142a. To nie tylko pi\u0119kny prezent dla bliskiej osoby, ale tak\u017ce elegancki dodatek do wn\u0119trza, kt\u00f3ry nadaje przestrzeni ciep\u0142a i wyj\u0105tkowego charakteru. Ka\u017cdy flower box tworzony jest r\u0119cznie, z ogromn\u0105 dba\u0142o\u015bci\u0105 o detale, dzi\u0119ki czemu ka\u017cdy egzemplarz jest niepowtarzalny. Kompozycja zachwyca swoim designem, a intensywny, przyjemny zapach utrzymuje si\u0119 nawet przez kilka miesi\u0119cy, delikatnie unosz\u0105c si\u0119 w pomieszczeniu. &nbsp; \u26a0\ufe0f Uwaga! Ka\u017cdy flower box jest wykonywany r\u0119cznie, dlatego mo\u017ce r\u00f3\u017cni\u0107 si\u0119 od produktu widocznego na zdj\u0119ciach. R\u00f3\u017cnice w u\u0142o\u017ceniu, kszta\u0142tach kwiat\u00f3w, kolorze lub detalach s\u0105 naturalnym efektem r\u0119kodzie\u0142a i \u015bwiadcz\u0105 o unikalno\u015bci ka\u017cdego egzemplarza.\" \/>\n<meta property=\"og:url\" content=\"https:\/\/thenaat.pl\/index.php\/produkt\/flower-box-bezroz-m\/\" \/>\n<meta property=\"og:site_name\" content=\"The Naat\" \/>\n<meta property=\"article:publisher\" content=\"https:\/\/www.facebook.com\/profile.php?id=61556658761413\" \/>\n<meta property=\"article:modified_time\" content=\"2026-01-04T13:54:34+00:00\" \/>\n<meta property=\"og:image\" content=\"https:\/\/thenaat.pl\/wp-content\/uploads\/2025\/12\/IMG_2770-scaled.jpeg\" \/>\n\t<meta property=\"og:image:width\" content=\"1440\" \/>\n\t<meta property=\"og:image:height\" content=\"2560\" \/>\n\t<meta property=\"og:image:type\" content=\"image\/jpeg\" \/>\n<meta name=\"twitter:card\" content=\"summary_large_image\" \/>\n<meta name=\"twitter:label1\" content=\"Szacowany czas czytania\" \/>\n\t<meta name=\"twitter:data1\" content=\"3 minuty\" \/>\n<script type=\"application\/ld+json\" class=\"yoast-schema-graph\">{\"@context\":\"https:\/\/schema.org\",\"@graph\":[{\"@type\":\"WebPage\",\"@id\":\"https:\/\/thenaat.pl\/index.php\/produkt\/flower-box-bezroz-m\/\",\"url\":\"https:\/\/thenaat.pl\/index.php\/produkt\/flower-box-bezroz-m\/\",\"name\":\"Flower box BE\u017b+R\u00d3\u017b- M - The Naat\",\"isPartOf\":{\"@id\":\"https:\/\/thenaat.pl\/#website\"},\"primaryImageOfPage\":{\"@id\":\"https:\/\/thenaat.pl\/index.php\/produkt\/flower-box-bezroz-m\/#primaryimage\"},\"image\":{\"@id\":\"https:\/\/thenaat.pl\/index.php\/produkt\/flower-box-bezroz-m\/#primaryimage\"},\"thumbnailUrl\":\"https:\/\/thenaat.pl\/wp-content\/uploads\/2025\/12\/IMG_2770-scaled.jpeg\",\"datePublished\":\"2026-01-02T18:48:17+00:00\",\"dateModified\":\"2026-01-04T13:54:34+00:00\",\"breadcrumb\":{\"@id\":\"https:\/\/thenaat.pl\/index.php\/produkt\/flower-box-bezroz-m\/#breadcrumb\"},\"inLanguage\":\"pl-PL\",\"potentialAction\":[{\"@type\":\"ReadAction\",\"target\":[\"https:\/\/thenaat.pl\/index.php\/produkt\/flower-box-bezroz-m\/\"]}]},{\"@type\":\"ImageObject\",\"inLanguage\":\"pl-PL\",\"@id\":\"https:\/\/thenaat.pl\/index.php\/produkt\/flower-box-bezroz-m\/#primaryimage\",\"url\":\"https:\/\/thenaat.pl\/wp-content\/uploads\/2025\/12\/IMG_2770-scaled.jpeg\",\"contentUrl\":\"https:\/\/thenaat.pl\/wp-content\/uploads\/2025\/12\/IMG_2770-scaled.jpeg\",\"width\":1440,\"height\":2560},{\"@type\":\"BreadcrumbList\",\"@id\":\"https:\/\/thenaat.pl\/index.php\/produkt\/flower-box-bezroz-m\/#breadcrumb\",\"itemListElement\":[{\"@type\":\"ListItem\",\"position\":1,\"name\":\"Strona g\u0142\u00f3wna\",\"item\":\"https:\/\/thenaat.pl\/\"},{\"@type\":\"ListItem\",\"position\":2,\"name\":\"Sklep\",\"item\":\"https:\/\/thenaat.pl\/index.php\/sklep\/\"},{\"@type\":\"ListItem\",\"position\":3,\"name\":\"Flower box BE\u017b+R\u00d3\u017b- M\"}]},{\"@type\":\"WebSite\",\"@id\":\"https:\/\/thenaat.pl\/#website\",\"url\":\"https:\/\/thenaat.pl\/\",\"name\":\"The Naat\",\"description\":\"\",\"publisher\":{\"@id\":\"https:\/\/thenaat.pl\/#organization\"},\"potentialAction\":[{\"@type\":\"SearchAction\",\"target\":{\"@type\":\"EntryPoint\",\"urlTemplate\":\"https:\/\/thenaat.pl\/?s={search_term_string}\"},\"query-input\":{\"@type\":\"PropertyValueSpecification\",\"valueRequired\":true,\"valueName\":\"search_term_string\"}}],\"inLanguage\":\"pl-PL\"},{\"@type\":\"Organization\",\"@id\":\"https:\/\/thenaat.pl\/#organization\",\"name\":\"The Naat\",\"url\":\"https:\/\/thenaat.pl\/\",\"logo\":{\"@type\":\"ImageObject\",\"inLanguage\":\"pl-PL\",\"@id\":\"https:\/\/thenaat.pl\/#\/schema\/logo\/image\/\",\"url\":\"https:\/\/thenaat.pl\/wp-content\/uploads\/2025\/12\/cropped-Dodaj-naglowek.pdf_pages-to-jpg-0001-1-1.jpg\",\"contentUrl\":\"https:\/\/thenaat.pl\/wp-content\/uploads\/2025\/12\/cropped-Dodaj-naglowek.pdf_pages-to-jpg-0001-1-1.jpg\",\"width\":296,\"height\":99,\"caption\":\"The Naat\"},\"image\":{\"@id\":\"https:\/\/thenaat.pl\/#\/schema\/logo\/image\/\"},\"sameAs\":[\"https:\/\/www.facebook.com\/profile.php?id=61556658761413\",\"https:\/\/www.instagram.com\/the__naat\/\"]}]}<\/script>\n<!-- \/ Yoast SEO plugin. -->","yoast_head_json":{"title":"Flower box BE\u017b+R\u00d3\u017b- M - The Naat","robots":{"index":"index","follow":"follow","max-snippet":"max-snippet:-1","max-image-preview":"max-image-preview:large","max-video-preview":"max-video-preview:-1"},"canonical":"https:\/\/thenaat.pl\/index.php\/produkt\/flower-box-bezroz-m\/","og_locale":"pl_PL","og_type":"article","og_title":"Flower box BE\u017b+R\u00d3\u017b- M - The Naat","og_description":"\ud83c\udf38 Jest to wyj\u0105tkowe po\u0142\u0105czenie estetyki, zapachu i r\u0119kodzie\u0142a. To nie tylko pi\u0119kny prezent dla bliskiej osoby, ale tak\u017ce elegancki dodatek do wn\u0119trza, kt\u00f3ry nadaje przestrzeni ciep\u0142a i wyj\u0105tkowego charakteru. Ka\u017cdy flower box tworzony jest r\u0119cznie, z ogromn\u0105 dba\u0142o\u015bci\u0105 o detale, dzi\u0119ki czemu ka\u017cdy egzemplarz jest niepowtarzalny. Kompozycja zachwyca swoim designem, a intensywny, przyjemny zapach utrzymuje si\u0119 nawet przez kilka miesi\u0119cy, delikatnie unosz\u0105c si\u0119 w pomieszczeniu. &nbsp; \u26a0\ufe0f Uwaga! Ka\u017cdy flower box jest wykonywany r\u0119cznie, dlatego mo\u017ce r\u00f3\u017cni\u0107 si\u0119 od produktu widocznego na zdj\u0119ciach. R\u00f3\u017cnice w u\u0142o\u017ceniu, kszta\u0142tach kwiat\u00f3w, kolorze lub detalach s\u0105 naturalnym efektem r\u0119kodzie\u0142a i \u015bwiadcz\u0105 o unikalno\u015bci ka\u017cdego egzemplarza.","og_url":"https:\/\/thenaat.pl\/index.php\/produkt\/flower-box-bezroz-m\/","og_site_name":"The Naat","article_publisher":"https:\/\/www.facebook.com\/profile.php?id=61556658761413","article_modified_time":"2026-01-04T13:54:34+00:00","og_image":[{"width":1440,"height":2560,"url":"https:\/\/thenaat.pl\/wp-content\/uploads\/2025\/12\/IMG_2770-scaled.jpeg","type":"image\/jpeg"}],"twitter_card":"summary_large_image","twitter_misc":{"Szacowany czas czytania":"3 minuty"},"schema":{"@context":"https:\/\/schema.org","@graph":[{"@type":"WebPage","@id":"https:\/\/thenaat.pl\/index.php\/produkt\/flower-box-bezroz-m\/","url":"https:\/\/thenaat.pl\/index.php\/produkt\/flower-box-bezroz-m\/","name":"Flower box BE\u017b+R\u00d3\u017b- M - The Naat","isPartOf":{"@id":"https:\/\/thenaat.pl\/#website"},"primaryImageOfPage":{"@id":"https:\/\/thenaat.pl\/index.php\/produkt\/flower-box-bezroz-m\/#primaryimage"},"image":{"@id":"https:\/\/thenaat.pl\/index.php\/produkt\/flower-box-bezroz-m\/#primaryimage"},"thumbnailUrl":"https:\/\/thenaat.pl\/wp-content\/uploads\/2025\/12\/IMG_2770-scaled.jpeg","datePublished":"2026-01-02T18:48:17+00:00","dateModified":"2026-01-04T13:54:34+00:00","breadcrumb":{"@id":"https:\/\/thenaat.pl\/index.php\/produkt\/flower-box-bezroz-m\/#breadcrumb"},"inLanguage":"pl-PL","potentialAction":[{"@type":"ReadAction","target":["https:\/\/thenaat.pl\/index.php\/produkt\/flower-box-bezroz-m\/"]}]},{"@type":"ImageObject","inLanguage":"pl-PL","@id":"https:\/\/thenaat.pl\/index.php\/produkt\/flower-box-bezroz-m\/#primaryimage","url":"https:\/\/thenaat.pl\/wp-content\/uploads\/2025\/12\/IMG_2770-scaled.jpeg","contentUrl":"https:\/\/thenaat.pl\/wp-content\/uploads\/2025\/12\/IMG_2770-scaled.jpeg","width":1440,"height":2560},{"@type":"BreadcrumbList","@id":"https:\/\/thenaat.pl\/index.php\/produkt\/flower-box-bezroz-m\/#breadcrumb","itemListElement":[{"@type":"ListItem","position":1,"name":"Strona g\u0142\u00f3wna","item":"https:\/\/thenaat.pl\/"},{"@type":"ListItem","position":2,"name":"Sklep","item":"https:\/\/thenaat.pl\/index.php\/sklep\/"},{"@type":"ListItem","position":3,"name":"Flower box BE\u017b+R\u00d3\u017b- M"}]},{"@type":"WebSite","@id":"https:\/\/thenaat.pl\/#website","url":"https:\/\/thenaat.pl\/","name":"The Naat","description":"","publisher":{"@id":"https:\/\/thenaat.pl\/#organization"},"potentialAction":[{"@type":"SearchAction","target":{"@type":"EntryPoint","urlTemplate":"https:\/\/thenaat.pl\/?s={search_term_string}"},"query-input":{"@type":"PropertyValueSpecification","valueRequired":true,"valueName":"search_term_string"}}],"inLanguage":"pl-PL"},{"@type":"Organization","@id":"https:\/\/thenaat.pl\/#organization","name":"The Naat","url":"https:\/\/thenaat.pl\/","logo":{"@type":"ImageObject","inLanguage":"pl-PL","@id":"https:\/\/thenaat.pl\/#\/schema\/logo\/image\/","url":"https:\/\/thenaat.pl\/wp-content\/uploads\/2025\/12\/cropped-Dodaj-naglowek.pdf_pages-to-jpg-0001-1-1.jpg","contentUrl":"https:\/\/thenaat.pl\/wp-content\/uploads\/2025\/12\/cropped-Dodaj-naglowek.pdf_pages-to-jpg-0001-1-1.jpg","width":296,"height":99,"caption":"The Naat"},"image":{"@id":"https:\/\/thenaat.pl\/#\/schema\/logo\/image\/"},"sameAs":["https:\/\/www.facebook.com\/profile.php?id=61556658761413","https:\/\/www.instagram.com\/the__naat\/"]}]}},"jetpack_sharing_enabled":true,"_links":{"self":[{"href":"https:\/\/thenaat.pl\/index.php\/wp-json\/wp\/v2\/product\/216","targetHints":{"allow":["GET"]}}],"collection":[{"href":"https:\/\/thenaat.pl\/index.php\/wp-json\/wp\/v2\/product"}],"about":[{"href":"https:\/\/thenaat.pl\/index.php\/wp-json\/wp\/v2\/types\/product"}],"wp:featuredmedia":[{"embeddable":true,"href":"https:\/\/thenaat.pl\/index.php\/wp-json\/wp\/v2\/media\/72"}],"wp:attachment":[{"href":"https:\/\/thenaat.pl\/index.php\/wp-json\/wp\/v2\/media?parent=216"}],"wp:term":[{"taxonomy":"product_brand","embeddable":true,"href":"https:\/\/thenaat.pl\/index.php\/wp-json\/wp\/v2\/product_brand?post=216"},{"taxonomy":"product_cat","embeddable":true,"href":"https:\/\/thenaat.pl\/index.php\/wp-json\/wp\/v2\/product_cat?post=216"},{"taxonomy":"product_tag","embeddable":true,"href":"https:\/\/thenaat.pl\/index.php\/wp-json\/wp\/v2\/product_tag?post=216"}],"curies":[{"name":"wp","href":"https:\/\/api.w.org\/{rel}","templated":true}]}}