{"id":129,"date":"2025-12-21T20:03:30","date_gmt":"2025-12-21T19:03:30","guid":{"rendered":"http:\/\/serwer280495.lh.pl\/autoinstalator\/serwer280495.lh.pl\/wordpress145210\/?page_id=129"},"modified":"2025-12-30T14:56:56","modified_gmt":"2025-12-30T13:56:56","slug":"kontakt","status":"publish","type":"page","link":"https:\/\/thenaat.pl\/index.php\/kontakt\/","title":{"rendered":"Kontakt"},"content":{"rendered":"\t\t<div data-elementor-type=\"wp-page\" data-elementor-id=\"129\" class=\"elementor elementor-129\">\n\t\t\t\t<div class=\"elementor-element elementor-element-baea8a8 e-flex e-con-boxed e-con e-parent\" data-id=\"baea8a8\" data-element_type=\"container\" data-e-type=\"container\">\n\t\t\t\t\t<div class=\"e-con-inner\">\n\t\t\t\t<div class=\"elementor-element elementor-element-85af6ca elementor-widget elementor-widget-html\" data-id=\"85af6ca\" data-element_type=\"widget\" data-e-type=\"widget\" data-widget_type=\"html.default\">\n\t\t\t\t\t<!-- KONTAKT (sp\u00f3jny, logiczny, premium) | Wklej do strony Kontakt (tryb HTML) -->\n<section class=\"contact-pro\">\n  <div class=\"contact-pro__wrap\">\n\n    <header class=\"contact-pro__head\">\n      <span class=\"contact-pro__eyebrow\">Kontakt<\/span>\n      <h1 class=\"contact-pro__title\">Skontaktuj si\u0119 ze mn\u0105<\/h1>\n      <p class=\"contact-pro__sub\">\n        Masz pytanie o zam\u00f3wienie lub personalizacj\u0119? Napisz przez formularz lub wybierz wygodny kontakt poni\u017cej.\n      <\/p>\n    <\/header>\n\n    <div class=\"contact-pro__grid\">\n      <!-- LEFT: dane + social -->\n      <aside class=\"contact-pro__card\">\n        <h2 class=\"contact-pro__h\">Dane kontaktowe<\/h2>\n\n        <div class=\"contact-pro__item\">\n          <div class=\"contact-pro__label\">Telefon<\/div>\n          <a class=\"contact-pro__value\" href=\"tel:+48539949094\">539 949 094<\/a>\n        <\/div>\n\n        <div class=\"contact-pro__item\">\n          <div class=\"contact-pro__label\">E-mail<\/div>\n          <a class=\"contact-pro__value\" href=\"mailto:kontakt@thenaat.pl\">kontakt@thenaat.pl<\/a>\n        <\/div>\n\n        <div class=\"contact-pro__item\">\n          <div class=\"contact-pro__label\">Adres<\/div>\n          <div class=\"contact-pro__value\">\n            D\u0105br\u00f3wka Zachodnia 25<br>\n            36-105 Cmolas\n          <\/div>\n        <\/div>\n\n        <hr class=\"contact-pro__divider\">\n\n        <h3 class=\"contact-pro__h2\">Social media<\/h3>\n        <div class=\"contact-pro__social\">\n          <a class=\"contact-pro__socialbtn\" href=\"https:\/\/www.instagram.com\/the__naat\/\" target=\"_blank\" rel=\"noopener\">\n            Instagram\n          <\/a>\n          <a class=\"contact-pro__socialbtn contact-pro__socialbtn--ghost\" href=\"https:\/\/www.facebook.com\/profile.php?id=61556658761413\" target=\"_blank\" rel=\"noopener\">\n            Facebook\n          <\/a>\n        <\/div>\n\n        <div class=\"contact-pro__note\">\n          <strong>Realizacja:<\/strong> 3\u20138 dni roboczych (Flower Boxy \/ Bukiety).<br>\n          <strong>Dostawa:<\/strong> InPost \u2013 paczkomat lub kurier.\n        <\/div>\n      <\/aside>\n\n      <!-- RIGHT: formularz -->\n      <section class=\"contact-pro__formcard\">\n        <h2 class=\"contact-pro__h\">Napisz wiadomo\u015b\u0107<\/h2>\n        <p class=\"contact-pro__formsub\">\n          Odpowiadam mo\u017cliwie najszybciej. Je\u015bli pytasz o produkt \u2013 podaj nazw\u0119\/rozmiar i preferencje.\n        <\/p>\n\n        <div class=\"contact-pro__form\">\n          \n<div class=\"wpcf7 no-js\" id=\"wpcf7-f13-o1\" lang=\"pl-PL\" dir=\"ltr\" data-wpcf7-id=\"13\">\n<div class=\"screen-reader-response\"><p role=\"status\" aria-live=\"polite\" aria-atomic=\"true\"><\/p> <ul><\/ul><\/div>\n<form action=\"\/index.php\/wp-json\/wp\/v2\/pages\/129#wpcf7-f13-o1\" method=\"post\" class=\"wpcf7-form init\" aria-label=\"Formularz kontaktowy\" novalidate=\"novalidate\" data-status=\"init\">\n<fieldset class=\"hidden-fields-container\"><input type=\"hidden\" name=\"_wpcf7\" value=\"13\" \/><input type=\"hidden\" name=\"_wpcf7_version\" value=\"6.1.5\" \/><input type=\"hidden\" name=\"_wpcf7_locale\" value=\"pl_PL\" \/><input type=\"hidden\" name=\"_wpcf7_unit_tag\" value=\"wpcf7-f13-o1\" \/><input type=\"hidden\" name=\"_wpcf7_container_post\" value=\"0\" \/><input type=\"hidden\" name=\"_wpcf7_posted_data_hash\" value=\"\" \/>\n<\/fieldset>\n<p><label> Twoje imi\u0119 i nazwisko<br \/>\n<span class=\"wpcf7-form-control-wrap\" data-name=\"your-name\"><input size=\"40\" maxlength=\"400\" class=\"wpcf7-form-control wpcf7-text wpcf7-validates-as-required\" autocomplete=\"name\" aria-required=\"true\" aria-invalid=\"false\" value=\"\" type=\"text\" name=\"your-name\" \/><\/span> <\/label>\n<\/p>\n<p><label> Tw\u00f3j adres e-mail<br \/>\n<span class=\"wpcf7-form-control-wrap\" data-name=\"your-email\"><input size=\"40\" maxlength=\"400\" class=\"wpcf7-form-control wpcf7-email wpcf7-validates-as-required wpcf7-text wpcf7-validates-as-email\" autocomplete=\"email\" aria-required=\"true\" aria-invalid=\"false\" value=\"\" type=\"email\" name=\"your-email\" \/><\/span> <\/label>\n<\/p>\n<p><label> Temat<br \/>\n<span class=\"wpcf7-form-control-wrap\" data-name=\"your-subject\"><input size=\"40\" maxlength=\"400\" class=\"wpcf7-form-control wpcf7-text wpcf7-validates-as-required\" aria-required=\"true\" aria-invalid=\"false\" value=\"\" type=\"text\" name=\"your-subject\" \/><\/span> <\/label>\n<\/p>\n<p><label> Twoja wiadomo\u015bci (opcjonalne)<br \/>\n<span class=\"wpcf7-form-control-wrap\" data-name=\"your-message\"><textarea cols=\"40\" rows=\"10\" maxlength=\"2000\" class=\"wpcf7-form-control wpcf7-textarea\" aria-invalid=\"false\" name=\"your-message\"><\/textarea><\/span> <\/label>\n<\/p>\n<p><input class=\"wpcf7-form-control wpcf7-submit has-spinner\" type=\"submit\" value=\"Wy\u015blij\" \/>\n<\/p><div class=\"wpcf7-response-output\" aria-hidden=\"true\"><\/div>\n<\/form>\n<\/div>\n\n        <\/div>\n      <\/section>\n    <\/div>\n\n  <\/div>\n<\/section>\n\n<style>\n\/* CONTACT \u2013 premium, be\u017c\/br\u0105z, Montserrat *\/\n.contact-pro{\n  font-family:'Montserrat', sans-serif;\n  padding:46px 0;\n}\n\n.contact-pro__wrap{\n  max-width:1200px;\n  margin:0 auto;\n  padding:0 16px;\n}\n\n.contact-pro__head{\n  max-width:760px;\n  margin:0 0 18px;\n}\n\n.contact-pro__eyebrow{\n  display:inline-block;\n  margin-bottom:10px;\n  font-size:12px;\n  letter-spacing:1.6px;\n  text-transform:uppercase;\n  color:#5F4634;\n}\n\n.contact-pro__title{\n  margin:0 0 10px;\n  font-size:36px;\n  line-height:1.1;\n  letter-spacing:-.4px;\n  color:#2B2622;\n  font-weight:800;\n}\n\n.contact-pro__sub{\n  margin:0;\n  font-size:15.5px;\n  line-height:1.7;\n  color:#463D37;\n}\n\n\/* GRID *\/\n.contact-pro__grid{\n  display:grid;\n  grid-template-columns: 0.9fr 1.1fr;\n  gap:16px;\n  margin-top:18px;\n}\n\n\/* CARDS *\/\n.contact-pro__card,\n.contact-pro__formcard{\n  background:#fff;\n  border:1px solid #EADFCF;\n  border-radius:22px;\n  padding:18px;\n  box-shadow:0 10px 26px rgba(0,0,0,.04);\n}\n\n.contact-pro__h{\n  margin:0 0 12px;\n  font-size:18px;\n  font-weight:800;\n  color:#2B2622;\n  letter-spacing:-.2px;\n}\n\n.contact-pro__h2{\n  margin:0 0 10px;\n  font-size:15px;\n  font-weight:800;\n  color:#2B2622;\n}\n\n\/* ITEMS *\/\n.contact-pro__item{\n  padding:12px 0;\n  border-bottom:1px solid rgba(234,223,207,.75);\n}\n\n.contact-pro__item:last-of-type{\n  border-bottom:none;\n}\n\n.contact-pro__label{\n  font-size:12px;\n  letter-spacing:1.2px;\n  text-transform:uppercase;\n  color:rgba(70,61,55,.75);\n  margin-bottom:6px;\n}\n\n.contact-pro__value{\n  font-size:15.5px;\n  color:#2B2622;\n  text-decoration:none;\n  font-weight:650;\n}\n\na.contact-pro__value:hover{\n  color:#8A6B52;\n}\n\n\/* divider *\/\n.contact-pro__divider{\n  border:0;\n  height:1px;\n  background:rgba(234,223,207,.85);\n  margin:16px 0;\n}\n\n\/* SOCIAL *\/\n.contact-pro__social{\n  display:flex;\n  gap:10px;\n  flex-wrap:wrap;\n  margin-bottom:14px;\n}\n\n.contact-pro__socialbtn{\n  display:inline-flex;\n  align-items:center;\n  justify-content:center;\n  padding:12px 16px;\n  border-radius:18px;\n  background:#8A6B52;\n  color:#fff;\n  text-decoration:none;\n  font-weight:700;\n  letter-spacing:.3px;\n  transition:transform .15s ease, box-shadow .15s ease, background .15s ease;\n  box-shadow:0 10px 26px rgba(0,0,0,.06);\n}\n\n.contact-pro__socialbtn:hover{\n  background:#5F4634;\n  transform:translateY(-1px);\n  box-shadow:0 14px 34px rgba(0,0,0,.10);\n}\n\n.contact-pro__socialbtn--ghost{\n  background:transparent;\n  color:#8A6B52;\n  border:1px solid #8A6B52;\n  box-shadow:none;\n}\n\n.contact-pro__socialbtn--ghost:hover{\n  background:#8A6B52;\n  color:#fff;\n}\n\n\/* NOTE *\/\n.contact-pro__note{\n  margin-top:10px;\n  padding:14px 14px;\n  border-radius:18px;\n  background:#F3EDE3;\n  border:1px solid rgba(234,223,207,.85);\n  color:#463D37;\n  line-height:1.6;\n  font-size:14px;\n}\n\n\/* FORM SUBTEXT *\/\n.contact-pro__formsub{\n  margin:0 0 12px;\n  color:#463D37;\n  font-size:14.5px;\n  line-height:1.65;\n}\n\n\/* CF7 basic styling compatibility *\/\n.contact-pro__form .wpcf7 form{\n  margin:0;\n}\n\n.contact-pro__form input[type=\"text\"],\n.contact-pro__form input[type=\"email\"],\n.contact-pro__form input[type=\"tel\"],\n.contact-pro__form textarea,\n.contact-pro__form select{\n  width:100%;\n  border:1px solid #EADFCF;\n  border-radius:18px;\n  padding:12px 14px;\n  font-family:'Montserrat', sans-serif;\n  font-size:14.5px;\n  outline:none;\n  transition:border-color .15s ease, box-shadow .15s ease;\n}\n\n.contact-pro__form textarea{ min-height:130px; resize:vertical; }\n\n.contact-pro__form input:focus,\n.contact-pro__form textarea:focus,\n.contact-pro__form select:focus{\n  border-color:rgba(138,107,82,.65);\n  box-shadow:0 0 0 4px rgba(138,107,82,.16);\n}\n\n.contact-pro__form input[type=\"submit\"],\n.contact-pro__form button,\n.contact-pro__form .wpcf7-submit{\n  width:100%;\n  margin-top:6px;\n  background:#8A6B52;\n  color:#fff;\n  border:0;\n  border-radius:18px;\n  padding:14px 18px;\n  font-weight:800;\n  letter-spacing:.4px;\n  cursor:pointer;\n  transition:transform .15s ease, box-shadow .15s ease, background .15s ease;\n  box-shadow:0 10px 26px rgba(0,0,0,.06);\n}\n\n.contact-pro__form .wpcf7-submit:hover{\n  background:#5F4634;\n  transform:translateY(-1px);\n  box-shadow:0 14px 34px rgba(0,0,0,.10);\n}\n\n\/* MOBILE *\/\n@media (max-width:900px){\n  .contact-pro__grid{ grid-template-columns:1fr; }\n  .contact-pro__title{ font-size:30px; }\n}\n<\/style>\n\t\t\t\t<\/div>\n\t\t\t\t\t<\/div>\n\t\t\t\t<\/div>\n\t\t\t\t<\/div>\n\t\t","protected":false},"excerpt":{"rendered":"<p>Kontakt Skontaktuj si\u0119 ze mn\u0105 Masz pytanie o zam\u00f3wienie lub personalizacj\u0119? Napisz przez formularz lub wybierz wygodny kontakt poni\u017cej. Dane [&hellip;]<\/p>\n","protected":false},"author":1,"featured_media":0,"parent":0,"menu_order":0,"comment_status":"closed","ping_status":"closed","template":"","meta":{"site-sidebar-layout":"no-sidebar","site-content-layout":"","ast-site-content-layout":"full-width-container","site-content-style":"default","site-sidebar-style":"default","ast-global-header-display":"","ast-banner-title-visibility":"","ast-main-header-display":"","ast-hfb-above-header-display":"","ast-hfb-below-header-display":"","ast-hfb-mobile-header-display":"","site-post-title":"disabled","ast-breadcrumbs-content":"","ast-featured-img":"disabled","footer-sml-layout":"","ast-disable-related-posts":"","theme-transparent-header-meta":"","adv-header-id-meta":"","stick-header-meta":"","header-above-stick-meta":"","header-main-stick-meta":"","header-below-stick-meta":"","astra-migrate-meta-layouts":"default","ast-page-background-enabled":"default","ast-page-background-meta":{"desktop":{"background-color":"var(--ast-global-color-5)","background-image":"","background-repeat":"repeat","background-position":"center center","background-size":"auto","background-attachment":"scroll","background-type":"","background-media":"","overlay-type":"","overlay-color":"","overlay-opacity":"","overlay-gradient":""},"tablet":{"background-color":"","background-image":"","background-repeat":"repeat","background-position":"center center","background-size":"auto","background-attachment":"scroll","background-type":"","background-media":"","overlay-type":"","overlay-color":"","overlay-opacity":"","overlay-gradient":""},"mobile":{"background-color":"","background-image":"","background-repeat":"repeat","background-position":"center center","background-size":"auto","background-attachment":"scroll","background-type":"","background-media":"","overlay-type":"","overlay-color":"","overlay-opacity":"","overlay-gradient":""}},"ast-content-background-meta":{"desktop":{"background-color":"var(--ast-global-color-4)","background-image":"","background-repeat":"repeat","background-position":"center center","background-size":"auto","background-attachment":"scroll","background-type":"","background-media":"","overlay-type":"","overlay-color":"","overlay-opacity":"","overlay-gradient":""},"tablet":{"background-color":"var(--ast-global-color-4)","background-image":"","background-repeat":"repeat","background-position":"center center","background-size":"auto","background-attachment":"scroll","background-type":"","background-media":"","overlay-type":"","overlay-color":"","overlay-opacity":"","overlay-gradient":""},"mobile":{"background-color":"var(--ast-global-color-4)","background-image":"","background-repeat":"repeat","background-position":"center center","background-size":"auto","background-attachment":"scroll","background-type":"","background-media":"","overlay-type":"","overlay-color":"","overlay-opacity":"","overlay-gradient":""}},"footnotes":""},"class_list":["post-129","page","type-page","status-publish","hentry"],"yoast_head":"<!-- This site is optimized with the Yoast SEO plugin v27.1.1 - https:\/\/yoast.com\/product\/yoast-seo-wordpress\/ -->\n<title>Kontakt - The Naat<\/title>\n<meta name=\"robots\" content=\"index, follow, max-snippet:-1, max-image-preview:large, max-video-preview:-1\" \/>\n<link rel=\"canonical\" href=\"https:\/\/thenaat.pl\/index.php\/kontakt\/\" \/>\n<meta property=\"og:locale\" content=\"pl_PL\" \/>\n<meta property=\"og:type\" content=\"article\" \/>\n<meta property=\"og:title\" content=\"Kontakt - The Naat\" \/>\n<meta property=\"og:description\" content=\"Kontakt Skontaktuj si\u0119 ze mn\u0105 Masz pytanie o zam\u00f3wienie lub personalizacj\u0119? Napisz przez formularz lub wybierz wygodny kontakt poni\u017cej. Dane [&hellip;]\" \/>\n<meta property=\"og:url\" content=\"https:\/\/thenaat.pl\/index.php\/kontakt\/\" \/>\n<meta property=\"og:site_name\" content=\"The Naat\" \/>\n<meta property=\"article:publisher\" content=\"https:\/\/www.facebook.com\/profile.php?id=61556658761413\" \/>\n<meta property=\"article:modified_time\" content=\"2025-12-30T13:56:56+00:00\" \/>\n<meta name=\"twitter:card\" content=\"summary_large_image\" \/>\n<meta name=\"twitter:label1\" content=\"Szacowany czas czytania\" \/>\n\t<meta name=\"twitter:data1\" content=\"1 minuta\" \/>\n<script type=\"application\/ld+json\" class=\"yoast-schema-graph\">{\"@context\":\"https:\/\/schema.org\",\"@graph\":[{\"@type\":\"WebPage\",\"@id\":\"https:\/\/thenaat.pl\/index.php\/kontakt\/\",\"url\":\"https:\/\/thenaat.pl\/index.php\/kontakt\/\",\"name\":\"Kontakt - The Naat\",\"isPartOf\":{\"@id\":\"https:\/\/thenaat.pl\/#website\"},\"datePublished\":\"2025-12-21T19:03:30+00:00\",\"dateModified\":\"2025-12-30T13:56:56+00:00\",\"breadcrumb\":{\"@id\":\"https:\/\/thenaat.pl\/index.php\/kontakt\/#breadcrumb\"},\"inLanguage\":\"pl-PL\",\"potentialAction\":[{\"@type\":\"ReadAction\",\"target\":[\"https:\/\/thenaat.pl\/index.php\/kontakt\/\"]}]},{\"@type\":\"BreadcrumbList\",\"@id\":\"https:\/\/thenaat.pl\/index.php\/kontakt\/#breadcrumb\",\"itemListElement\":[{\"@type\":\"ListItem\",\"position\":1,\"name\":\"Strona g\u0142\u00f3wna\",\"item\":\"https:\/\/thenaat.pl\/\"},{\"@type\":\"ListItem\",\"position\":2,\"name\":\"Kontakt\"}]},{\"@type\":\"WebSite\",\"@id\":\"https:\/\/thenaat.pl\/#website\",\"url\":\"https:\/\/thenaat.pl\/\",\"name\":\"The Naat\",\"description\":\"\",\"publisher\":{\"@id\":\"https:\/\/thenaat.pl\/#organization\"},\"potentialAction\":[{\"@type\":\"SearchAction\",\"target\":{\"@type\":\"EntryPoint\",\"urlTemplate\":\"https:\/\/thenaat.pl\/?s={search_term_string}\"},\"query-input\":{\"@type\":\"PropertyValueSpecification\",\"valueRequired\":true,\"valueName\":\"search_term_string\"}}],\"inLanguage\":\"pl-PL\"},{\"@type\":\"Organization\",\"@id\":\"https:\/\/thenaat.pl\/#organization\",\"name\":\"The Naat\",\"url\":\"https:\/\/thenaat.pl\/\",\"logo\":{\"@type\":\"ImageObject\",\"inLanguage\":\"pl-PL\",\"@id\":\"https:\/\/thenaat.pl\/#\/schema\/logo\/image\/\",\"url\":\"https:\/\/thenaat.pl\/wp-content\/uploads\/2025\/12\/cropped-Dodaj-naglowek.pdf_pages-to-jpg-0001-1-1.jpg\",\"contentUrl\":\"https:\/\/thenaat.pl\/wp-content\/uploads\/2025\/12\/cropped-Dodaj-naglowek.pdf_pages-to-jpg-0001-1-1.jpg\",\"width\":296,\"height\":99,\"caption\":\"The Naat\"},\"image\":{\"@id\":\"https:\/\/thenaat.pl\/#\/schema\/logo\/image\/\"},\"sameAs\":[\"https:\/\/www.facebook.com\/profile.php?id=61556658761413\",\"https:\/\/www.instagram.com\/the__naat\/\"]}]}<\/script>\n<!-- \/ Yoast SEO plugin. -->","yoast_head_json":{"title":"Kontakt - The Naat","robots":{"index":"index","follow":"follow","max-snippet":"max-snippet:-1","max-image-preview":"max-image-preview:large","max-video-preview":"max-video-preview:-1"},"canonical":"https:\/\/thenaat.pl\/index.php\/kontakt\/","og_locale":"pl_PL","og_type":"article","og_title":"Kontakt - The Naat","og_description":"Kontakt Skontaktuj si\u0119 ze mn\u0105 Masz pytanie o zam\u00f3wienie lub personalizacj\u0119? Napisz przez formularz lub wybierz wygodny kontakt poni\u017cej. Dane [&hellip;]","og_url":"https:\/\/thenaat.pl\/index.php\/kontakt\/","og_site_name":"The Naat","article_publisher":"https:\/\/www.facebook.com\/profile.php?id=61556658761413","article_modified_time":"2025-12-30T13:56:56+00:00","twitter_card":"summary_large_image","twitter_misc":{"Szacowany czas czytania":"1 minuta"},"schema":{"@context":"https:\/\/schema.org","@graph":[{"@type":"WebPage","@id":"https:\/\/thenaat.pl\/index.php\/kontakt\/","url":"https:\/\/thenaat.pl\/index.php\/kontakt\/","name":"Kontakt - The Naat","isPartOf":{"@id":"https:\/\/thenaat.pl\/#website"},"datePublished":"2025-12-21T19:03:30+00:00","dateModified":"2025-12-30T13:56:56+00:00","breadcrumb":{"@id":"https:\/\/thenaat.pl\/index.php\/kontakt\/#breadcrumb"},"inLanguage":"pl-PL","potentialAction":[{"@type":"ReadAction","target":["https:\/\/thenaat.pl\/index.php\/kontakt\/"]}]},{"@type":"BreadcrumbList","@id":"https:\/\/thenaat.pl\/index.php\/kontakt\/#breadcrumb","itemListElement":[{"@type":"ListItem","position":1,"name":"Strona g\u0142\u00f3wna","item":"https:\/\/thenaat.pl\/"},{"@type":"ListItem","position":2,"name":"Kontakt"}]},{"@type":"WebSite","@id":"https:\/\/thenaat.pl\/#website","url":"https:\/\/thenaat.pl\/","name":"The Naat","description":"","publisher":{"@id":"https:\/\/thenaat.pl\/#organization"},"potentialAction":[{"@type":"SearchAction","target":{"@type":"EntryPoint","urlTemplate":"https:\/\/thenaat.pl\/?s={search_term_string}"},"query-input":{"@type":"PropertyValueSpecification","valueRequired":true,"valueName":"search_term_string"}}],"inLanguage":"pl-PL"},{"@type":"Organization","@id":"https:\/\/thenaat.pl\/#organization","name":"The Naat","url":"https:\/\/thenaat.pl\/","logo":{"@type":"ImageObject","inLanguage":"pl-PL","@id":"https:\/\/thenaat.pl\/#\/schema\/logo\/image\/","url":"https:\/\/thenaat.pl\/wp-content\/uploads\/2025\/12\/cropped-Dodaj-naglowek.pdf_pages-to-jpg-0001-1-1.jpg","contentUrl":"https:\/\/thenaat.pl\/wp-content\/uploads\/2025\/12\/cropped-Dodaj-naglowek.pdf_pages-to-jpg-0001-1-1.jpg","width":296,"height":99,"caption":"The Naat"},"image":{"@id":"https:\/\/thenaat.pl\/#\/schema\/logo\/image\/"},"sameAs":["https:\/\/www.facebook.com\/profile.php?id=61556658761413","https:\/\/www.instagram.com\/the__naat\/"]}]}},"jetpack_sharing_enabled":true,"_links":{"self":[{"href":"https:\/\/thenaat.pl\/index.php\/wp-json\/wp\/v2\/pages\/129","targetHints":{"allow":["GET"]}}],"collection":[{"href":"https:\/\/thenaat.pl\/index.php\/wp-json\/wp\/v2\/pages"}],"about":[{"href":"https:\/\/thenaat.pl\/index.php\/wp-json\/wp\/v2\/types\/page"}],"author":[{"embeddable":true,"href":"https:\/\/thenaat.pl\/index.php\/wp-json\/wp\/v2\/users\/1"}],"replies":[{"embeddable":true,"href":"https:\/\/thenaat.pl\/index.php\/wp-json\/wp\/v2\/comments?post=129"}],"version-history":[{"count":8,"href":"https:\/\/thenaat.pl\/index.php\/wp-json\/wp\/v2\/pages\/129\/revisions"}],"predecessor-version":[{"id":167,"href":"https:\/\/thenaat.pl\/index.php\/wp-json\/wp\/v2\/pages\/129\/revisions\/167"}],"wp:attachment":[{"href":"https:\/\/thenaat.pl\/index.php\/wp-json\/wp\/v2\/media?parent=129"}],"curies":[{"name":"wp","href":"https:\/\/api.w.org\/{rel}","templated":true}]}}